{"id":3935,"date":"2023-02-03T18:07:18","date_gmt":"2023-02-03T18:07:18","guid":{"rendered":"https:\/\/sifnosmaisonsalaplage.gr\/emplacement\/"},"modified":"2023-02-03T18:09:41","modified_gmt":"2023-02-03T18:09:41","slug":"emplacement","status":"publish","type":"page","link":"https:\/\/sifnosmaisonsalaplage.gr\/fr\/emplacement\/","title":{"rendered":"EMPLACEMENT"},"content":{"rendered":"<div class=\"wpb-content-wrapper\"><p>[vc_row full_width=&#8221;stretch_row_content_no_spaces&#8221;][vc_column][vc_gmaps link=&#8221;#E-8_JTNDaWZyYW1lJTIwc3JjJTNEJTIyaHR0cHMlM0ElMkYlMkZ3d3cuZ29vZ2xlLmNvbSUyRm1hcHMlMkZlbWJlZCUzRnBiJTNEJTIxMW0yNiUyMTFtMTIlMjExbTMlMjExZDYzNzcuNjc1MTA0Njk3OTkyJTIxMmQyNC43NTM2NTcwODY1OTU5MDglMjEzZDM2Ljk0MjA0ODk1MjYwMTA5JTIxMm0zJTIxMWYwJTIxMmYwJTIxM2YwJTIxM20yJTIxMWkxMDI0JTIxMmk3NjglMjE0ZjEzLjElMjE0bTExJTIxM2UwJTIxNG0zJTIxM20yJTIxMWQzNi45NDY4MzI1JTIxMmQyNC43NTU1OTExJTIxNG01JTIxMXMweDE0OThmM2VjNzM1Mjg2ZjMlMjUzQTB4MmVkYzhlYjIxMzM1OTgyNSUyMTJ6VFdGcGMyOXVjeUJoSUd4aElIQnNZV2RsTENET3BzNnh6NFBPdjg2N3pyX1BqYy1DTENET3BzNnN6NEhPdjgtQ0lEZzBNQ0F3TXclMjEzbTIlMjExZDM2Ljk0Mjc0OTElMjEyZDI0Ljc1Mzk3NzklMjE1ZTAlMjEzbTIlMjExc2VsJTIxMnNnciUyMTR2MTYzOTY4NjIyMDE5MCUyMTVtMiUyMTFzZWwlMjEyc2dyJTIyJTIwd2lkdGglM0QlMjI2MDAlMjIlMjBoZWlnaHQlM0QlMjI0NTAlMjIlMjBzdHlsZSUzRCUyMmJvcmRlciUzQTAlM0IlMjIlMjBhbGxvd2Z1bGxzY3JlZW4lM0QlMjIlMjIlMjBsb2FkaW5nJTNEJTIybGF6eSUyMiUzRSUzQyUyRmlmcmFtZSUzRQ==&#8221;][\/vc_column][\/vc_row][vc_row][vc_column][vc_empty_space]\t\t\t<div\r\n\t\t\t\tclass=\"main_title  text-center  \">\r\n\t\t\t\t<h2 class=\"title\">Localisation de \u00ab Maisons \u00e0 la plage \u00bb<\/h2>\r\n\t\t\t\t\t\t\t\t\t<p class=\"main_description\">fasolou Faros Sifnos<\/p>\r\n\t\t\t\t\t\t\t<\/div>\r\n\t\t[vc_empty_space][\/vc_column][\/vc_row][vc_row][vc_column width=&#8221;1\/2&#8243;][vc_column_text]Le complexe se trouve \u00e0 c\u00f4t\u00e9 de la plage de Fasolou, \u00e0 une centaine de m\u00e8tres de la mer. Ce complexe d&#8217;appartements est une touche pittoresque de la r\u00e9gion de Faros, au sud de Sifnos.<\/p>\n<p>En quelques minutes, vous pourrez vous rendre \u00e0 pied de votre appartement \u00e0 la plage principale de Faros et \u00e0 la fabuleuse plage de Glyfo. Tu pourras nager et passer des moments de d\u00e9tente dans les petites tavernes du village, d\u00e9guster des plats traditionnels de la mer \u00c9g\u00e9e et du poisson frais.<\/p>\n<p>Voir sur la carte l&#8217;emplacement du complexe.[\/vc_column_text][\/vc_column][vc_column width=&#8221;1\/2&#8243;][vc_raw_html]JTVCZW52aXJhLWdhbGxlcnklMjBpZCUzRCUyMjIzODUlMjIlNUQ=[\/vc_raw_html][\/vc_column][\/vc_row]<\/p>\n<\/div>","protected":false},"excerpt":{"rendered":"<p>[vc_row full_width=&#8221;stretch_row_content_no_spaces&#8221;][vc_column][vc_gmaps link=&#8221;#E-8_JTNDaWZyYW1lJTIwc3JjJTNEJTIyaHR0cHMlM0ElMkYlMkZ3d3cuZ29vZ2xlLmNvbSUyRm1hcHMlMkZlbWJlZCUzRnBiJTNEJTIxMW0yNiUyMTFtMTIlMjExbTMlMjExZDYzNzcuNjc1MTA0Njk3OTkyJTIxMmQyNC43NTM2NTcwODY1OTU5MDglMjEzZDM2Ljk0MjA0ODk1MjYwMTA5JTIxMm0zJTIxMWYwJTIxMmYwJTIxM2YwJTIxM20yJTIxMWkxMDI0JTIxMmk3NjglMjE0ZjEzLjElMjE0bTExJTIxM2UwJTIxNG0zJTIxM20yJTIxMWQzNi45NDY4MzI1JTIxMmQyNC43NTU1OTExJTIxNG01JTIxMXMweDE0OThmM2VjNzM1Mjg2ZjMlMjUzQTB4MmVkYzhlYjIxMzM1OTgyNSUyMTJ6VFdGcGMyOXVjeUJoSUd4aElIQnNZV2RsTENET3BzNnh6NFBPdjg2N3pyX1BqYy1DTENET3BzNnN6NEhPdjgtQ0lEZzBNQ0F3TXclMjEzbTIlMjExZDM2Ljk0Mjc0OTElMjEyZDI0Ljc1Mzk3NzklMjE1ZTAlMjEzbTIlMjExc2VsJTIxMnNnciUyMTR2MTYzOTY4NjIyMDE5MCUyMTVtMiUyMTFzZWwlMjEyc2dyJTIyJTIwd2lkdGglM0QlMjI2MDAlMjIlMjBoZWlnaHQlM0QlMjI0NTAlMjIlMjBzdHlsZSUzRCUyMmJvcmRlciUzQTAlM0IlMjIlMjBhbGxvd2Z1bGxzY3JlZW4lM0QlMjIlMjIlMjBsb2FkaW5nJTNEJTIybGF6eSUyMiUzRSUzQyUyRmlmcmFtZSUzRQ==&#8221;][\/vc_column][\/vc_row][vc_row][vc_column][vc_empty_space][vc_empty_space][\/vc_column][\/vc_row][vc_row][vc_column width=&#8221;1\/2&#8243;][vc_column_text]Le complexe se trouve \u00e0 c\u00f4t\u00e9 de la plage de Fasolou, \u00e0 une centaine de m\u00e8tres de la mer. Ce complexe d&#8217;appartements est une touche pittoresque de la r\u00e9gion de Faros, au sud de Sifnos. En quelques minutes, vous pourrez vous rendre \u00e0 pied de votre appartement \u00e0 la plage principale de [&hellip;]<\/p>\n","protected":false},"author":1,"featured_media":0,"parent":0,"menu_order":0,"comment_status":"closed","ping_status":"closed","template":"","meta":{"rs_blank_template":"","rs_page_bg_color":"","slide_template_v7":"","footnotes":""},"class_list":["post-3935","page","type-page","status-publish","hentry"],"yoast_head":"<!-- This site is optimized with the Yoast SEO plugin v27.4 - https:\/\/yoast.com\/product\/yoast-seo-wordpress\/ -->\n<title>EMPLACEMENT - Official Web Site Of Maison a la plage<\/title>\n<meta name=\"robots\" content=\"index, follow, max-snippet:-1, max-image-preview:large, max-video-preview:-1\" \/>\n<link rel=\"canonical\" href=\"https:\/\/sifnosmaisonsalaplage.gr\/fr\/emplacement\/\" \/>\n<meta property=\"og:locale\" content=\"fr_FR\" \/>\n<meta property=\"og:type\" content=\"article\" \/>\n<meta property=\"og:title\" content=\"EMPLACEMENT - Official Web Site Of Maison a la plage\" \/>\n<meta property=\"og:description\" content=\"[vc_row full_width=&#8221;stretch_row_content_no_spaces&#8221;][vc_column][vc_gmaps link=&#8221;#E-8_JTNDaWZyYW1lJTIwc3JjJTNEJTIyaHR0cHMlM0ElMkYlMkZ3d3cuZ29vZ2xlLmNvbSUyRm1hcHMlMkZlbWJlZCUzRnBiJTNEJTIxMW0yNiUyMTFtMTIlMjExbTMlMjExZDYzNzcuNjc1MTA0Njk3OTkyJTIxMmQyNC43NTM2NTcwODY1OTU5MDglMjEzZDM2Ljk0MjA0ODk1MjYwMTA5JTIxMm0zJTIxMWYwJTIxMmYwJTIxM2YwJTIxM20yJTIxMWkxMDI0JTIxMmk3NjglMjE0ZjEzLjElMjE0bTExJTIxM2UwJTIxNG0zJTIxM20yJTIxMWQzNi45NDY4MzI1JTIxMmQyNC43NTU1OTExJTIxNG01JTIxMXMweDE0OThmM2VjNzM1Mjg2ZjMlMjUzQTB4MmVkYzhlYjIxMzM1OTgyNSUyMTJ6VFdGcGMyOXVjeUJoSUd4aElIQnNZV2RsTENET3BzNnh6NFBPdjg2N3pyX1BqYy1DTENET3BzNnN6NEhPdjgtQ0lEZzBNQ0F3TXclMjEzbTIlMjExZDM2Ljk0Mjc0OTElMjEyZDI0Ljc1Mzk3NzklMjE1ZTAlMjEzbTIlMjExc2VsJTIxMnNnciUyMTR2MTYzOTY4NjIyMDE5MCUyMTVtMiUyMTFzZWwlMjEyc2dyJTIyJTIwd2lkdGglM0QlMjI2MDAlMjIlMjBoZWlnaHQlM0QlMjI0NTAlMjIlMjBzdHlsZSUzRCUyMmJvcmRlciUzQTAlM0IlMjIlMjBhbGxvd2Z1bGxzY3JlZW4lM0QlMjIlMjIlMjBsb2FkaW5nJTNEJTIybGF6eSUyMiUzRSUzQyUyRmlmcmFtZSUzRQ==&#8221;][\/vc_column][\/vc_row][vc_row][vc_column][vc_empty_space][vc_empty_space][\/vc_column][\/vc_row][vc_row][vc_column width=&#8221;1\/2&#8243;][vc_column_text]Le complexe se trouve \u00e0 c\u00f4t\u00e9 de la plage de Fasolou, \u00e0 une centaine de m\u00e8tres de la mer. Ce complexe d&#8217;appartements est une touche pittoresque de la r\u00e9gion de Faros, au sud de Sifnos. En quelques minutes, vous pourrez vous rendre \u00e0 pied de votre appartement \u00e0 la plage principale de [&hellip;]\" \/>\n<meta property=\"og:url\" content=\"https:\/\/sifnosmaisonsalaplage.gr\/fr\/emplacement\/\" \/>\n<meta property=\"og:site_name\" content=\"Official Web Site Of Maison a la plage\" \/>\n<meta property=\"article:publisher\" content=\"https:\/\/www.facebook.com\/SifnosHotels\/\" \/>\n<meta property=\"article:modified_time\" content=\"2023-02-03T18:09:41+00:00\" \/>\n<meta property=\"og:image\" content=\"https:\/\/sifnosmaisonsalaplage.gr\/wp-content\/uploads\/2022\/01\/DJI_0898.jpg\" \/>\n\t<meta property=\"og:image:width\" content=\"2000\" \/>\n\t<meta property=\"og:image:height\" content=\"1124\" \/>\n\t<meta property=\"og:image:type\" content=\"image\/jpeg\" \/>\n<meta name=\"twitter:card\" content=\"summary_large_image\" \/>\n<meta name=\"twitter:label1\" content=\"Dur\u00e9e de lecture estim\u00e9e\" \/>\n\t<meta name=\"twitter:data1\" content=\"1 minute\" \/>\n<script type=\"application\/ld+json\" class=\"yoast-schema-graph\">{\"@context\":\"https:\\\/\\\/schema.org\",\"@graph\":[{\"@type\":\"WebPage\",\"@id\":\"https:\\\/\\\/sifnosmaisonsalaplage.gr\\\/fr\\\/emplacement\\\/\",\"url\":\"https:\\\/\\\/sifnosmaisonsalaplage.gr\\\/fr\\\/emplacement\\\/\",\"name\":\"EMPLACEMENT - Official Web Site Of Maison a la plage\",\"isPartOf\":{\"@id\":\"https:\\\/\\\/sifnosmaisonsalaplage.gr\\\/fr\\\/#website\"},\"datePublished\":\"2023-02-03T18:07:18+00:00\",\"dateModified\":\"2023-02-03T18:09:41+00:00\",\"breadcrumb\":{\"@id\":\"https:\\\/\\\/sifnosmaisonsalaplage.gr\\\/fr\\\/emplacement\\\/#breadcrumb\"},\"inLanguage\":\"fr-FR\",\"potentialAction\":[{\"@type\":\"ReadAction\",\"target\":[\"https:\\\/\\\/sifnosmaisonsalaplage.gr\\\/fr\\\/emplacement\\\/\"]}]},{\"@type\":\"BreadcrumbList\",\"@id\":\"https:\\\/\\\/sifnosmaisonsalaplage.gr\\\/fr\\\/emplacement\\\/#breadcrumb\",\"itemListElement\":[{\"@type\":\"ListItem\",\"position\":1,\"name\":\"Home\",\"item\":\"https:\\\/\\\/sifnosmaisonsalaplage.gr\\\/fr\\\/\"},{\"@type\":\"ListItem\",\"position\":2,\"name\":\"EMPLACEMENT\"}]},{\"@type\":\"WebSite\",\"@id\":\"https:\\\/\\\/sifnosmaisonsalaplage.gr\\\/fr\\\/#website\",\"url\":\"https:\\\/\\\/sifnosmaisonsalaplage.gr\\\/fr\\\/\",\"name\":\"Official Web Site Of Maison a la plage\",\"description\":\"Hotel Apartments in Sifnos island\",\"publisher\":{\"@id\":\"https:\\\/\\\/sifnosmaisonsalaplage.gr\\\/fr\\\/#organization\"},\"potentialAction\":[{\"@type\":\"SearchAction\",\"target\":{\"@type\":\"EntryPoint\",\"urlTemplate\":\"https:\\\/\\\/sifnosmaisonsalaplage.gr\\\/fr\\\/?s={search_term_string}\"},\"query-input\":{\"@type\":\"PropertyValueSpecification\",\"valueRequired\":true,\"valueName\":\"search_term_string\"}}],\"inLanguage\":\"fr-FR\"},{\"@type\":\"Organization\",\"@id\":\"https:\\\/\\\/sifnosmaisonsalaplage.gr\\\/fr\\\/#organization\",\"name\":\"Maison Ala plage Sifnos\",\"url\":\"https:\\\/\\\/sifnosmaisonsalaplage.gr\\\/fr\\\/\",\"logo\":{\"@type\":\"ImageObject\",\"inLanguage\":\"fr-FR\",\"@id\":\"https:\\\/\\\/sifnosmaisonsalaplage.gr\\\/fr\\\/#\\\/schema\\\/logo\\\/image\\\/\",\"url\":\"https:\\\/\\\/sifnosmaisonsalaplage.gr\\\/wp-content\\\/uploads\\\/2021\\\/12\\\/120.png\",\"contentUrl\":\"https:\\\/\\\/sifnosmaisonsalaplage.gr\\\/wp-content\\\/uploads\\\/2021\\\/12\\\/120.png\",\"width\":120,\"height\":120,\"caption\":\"Maison Ala plage Sifnos\"},\"image\":{\"@id\":\"https:\\\/\\\/sifnosmaisonsalaplage.gr\\\/fr\\\/#\\\/schema\\\/logo\\\/image\\\/\"},\"sameAs\":[\"https:\\\/\\\/www.facebook.com\\\/SifnosHotels\\\/\",\"https:\\\/\\\/www.instagram.com\\\/accounts\\\/login\\\/\"]}]}<\/script>\n<!-- \/ Yoast SEO plugin. -->","yoast_head_json":{"title":"EMPLACEMENT - Official Web Site Of Maison a la plage","robots":{"index":"index","follow":"follow","max-snippet":"max-snippet:-1","max-image-preview":"max-image-preview:large","max-video-preview":"max-video-preview:-1"},"canonical":"https:\/\/sifnosmaisonsalaplage.gr\/fr\/emplacement\/","og_locale":"fr_FR","og_type":"article","og_title":"EMPLACEMENT - Official Web Site Of Maison a la plage","og_description":"[vc_row full_width=&#8221;stretch_row_content_no_spaces&#8221;][vc_column][vc_gmaps link=&#8221;#E-8_JTNDaWZyYW1lJTIwc3JjJTNEJTIyaHR0cHMlM0ElMkYlMkZ3d3cuZ29vZ2xlLmNvbSUyRm1hcHMlMkZlbWJlZCUzRnBiJTNEJTIxMW0yNiUyMTFtMTIlMjExbTMlMjExZDYzNzcuNjc1MTA0Njk3OTkyJTIxMmQyNC43NTM2NTcwODY1OTU5MDglMjEzZDM2Ljk0MjA0ODk1MjYwMTA5JTIxMm0zJTIxMWYwJTIxMmYwJTIxM2YwJTIxM20yJTIxMWkxMDI0JTIxMmk3NjglMjE0ZjEzLjElMjE0bTExJTIxM2UwJTIxNG0zJTIxM20yJTIxMWQzNi45NDY4MzI1JTIxMmQyNC43NTU1OTExJTIxNG01JTIxMXMweDE0OThmM2VjNzM1Mjg2ZjMlMjUzQTB4MmVkYzhlYjIxMzM1OTgyNSUyMTJ6VFdGcGMyOXVjeUJoSUd4aElIQnNZV2RsTENET3BzNnh6NFBPdjg2N3pyX1BqYy1DTENET3BzNnN6NEhPdjgtQ0lEZzBNQ0F3TXclMjEzbTIlMjExZDM2Ljk0Mjc0OTElMjEyZDI0Ljc1Mzk3NzklMjE1ZTAlMjEzbTIlMjExc2VsJTIxMnNnciUyMTR2MTYzOTY4NjIyMDE5MCUyMTVtMiUyMTFzZWwlMjEyc2dyJTIyJTIwd2lkdGglM0QlMjI2MDAlMjIlMjBoZWlnaHQlM0QlMjI0NTAlMjIlMjBzdHlsZSUzRCUyMmJvcmRlciUzQTAlM0IlMjIlMjBhbGxvd2Z1bGxzY3JlZW4lM0QlMjIlMjIlMjBsb2FkaW5nJTNEJTIybGF6eSUyMiUzRSUzQyUyRmlmcmFtZSUzRQ==&#8221;][\/vc_column][\/vc_row][vc_row][vc_column][vc_empty_space][vc_empty_space][\/vc_column][\/vc_row][vc_row][vc_column width=&#8221;1\/2&#8243;][vc_column_text]Le complexe se trouve \u00e0 c\u00f4t\u00e9 de la plage de Fasolou, \u00e0 une centaine de m\u00e8tres de la mer. Ce complexe d&#8217;appartements est une touche pittoresque de la r\u00e9gion de Faros, au sud de Sifnos. En quelques minutes, vous pourrez vous rendre \u00e0 pied de votre appartement \u00e0 la plage principale de [&hellip;]","og_url":"https:\/\/sifnosmaisonsalaplage.gr\/fr\/emplacement\/","og_site_name":"Official Web Site Of Maison a la plage","article_publisher":"https:\/\/www.facebook.com\/SifnosHotels\/","article_modified_time":"2023-02-03T18:09:41+00:00","og_image":[{"width":2000,"height":1124,"url":"https:\/\/sifnosmaisonsalaplage.gr\/wp-content\/uploads\/2022\/01\/DJI_0898.jpg","type":"image\/jpeg"}],"twitter_card":"summary_large_image","twitter_misc":{"Dur\u00e9e de lecture estim\u00e9e":"1 minute"},"schema":{"@context":"https:\/\/schema.org","@graph":[{"@type":"WebPage","@id":"https:\/\/sifnosmaisonsalaplage.gr\/fr\/emplacement\/","url":"https:\/\/sifnosmaisonsalaplage.gr\/fr\/emplacement\/","name":"EMPLACEMENT - Official Web Site Of Maison a la plage","isPartOf":{"@id":"https:\/\/sifnosmaisonsalaplage.gr\/fr\/#website"},"datePublished":"2023-02-03T18:07:18+00:00","dateModified":"2023-02-03T18:09:41+00:00","breadcrumb":{"@id":"https:\/\/sifnosmaisonsalaplage.gr\/fr\/emplacement\/#breadcrumb"},"inLanguage":"fr-FR","potentialAction":[{"@type":"ReadAction","target":["https:\/\/sifnosmaisonsalaplage.gr\/fr\/emplacement\/"]}]},{"@type":"BreadcrumbList","@id":"https:\/\/sifnosmaisonsalaplage.gr\/fr\/emplacement\/#breadcrumb","itemListElement":[{"@type":"ListItem","position":1,"name":"Home","item":"https:\/\/sifnosmaisonsalaplage.gr\/fr\/"},{"@type":"ListItem","position":2,"name":"EMPLACEMENT"}]},{"@type":"WebSite","@id":"https:\/\/sifnosmaisonsalaplage.gr\/fr\/#website","url":"https:\/\/sifnosmaisonsalaplage.gr\/fr\/","name":"Official Web Site Of Maison a la plage","description":"Hotel Apartments in Sifnos island","publisher":{"@id":"https:\/\/sifnosmaisonsalaplage.gr\/fr\/#organization"},"potentialAction":[{"@type":"SearchAction","target":{"@type":"EntryPoint","urlTemplate":"https:\/\/sifnosmaisonsalaplage.gr\/fr\/?s={search_term_string}"},"query-input":{"@type":"PropertyValueSpecification","valueRequired":true,"valueName":"search_term_string"}}],"inLanguage":"fr-FR"},{"@type":"Organization","@id":"https:\/\/sifnosmaisonsalaplage.gr\/fr\/#organization","name":"Maison Ala plage Sifnos","url":"https:\/\/sifnosmaisonsalaplage.gr\/fr\/","logo":{"@type":"ImageObject","inLanguage":"fr-FR","@id":"https:\/\/sifnosmaisonsalaplage.gr\/fr\/#\/schema\/logo\/image\/","url":"https:\/\/sifnosmaisonsalaplage.gr\/wp-content\/uploads\/2021\/12\/120.png","contentUrl":"https:\/\/sifnosmaisonsalaplage.gr\/wp-content\/uploads\/2021\/12\/120.png","width":120,"height":120,"caption":"Maison Ala plage Sifnos"},"image":{"@id":"https:\/\/sifnosmaisonsalaplage.gr\/fr\/#\/schema\/logo\/image\/"},"sameAs":["https:\/\/www.facebook.com\/SifnosHotels\/","https:\/\/www.instagram.com\/accounts\/login\/"]}]}},"_links":{"self":[{"href":"https:\/\/sifnosmaisonsalaplage.gr\/fr\/wp-json\/wp\/v2\/pages\/3935","targetHints":{"allow":["GET"]}}],"collection":[{"href":"https:\/\/sifnosmaisonsalaplage.gr\/fr\/wp-json\/wp\/v2\/pages"}],"about":[{"href":"https:\/\/sifnosmaisonsalaplage.gr\/fr\/wp-json\/wp\/v2\/types\/page"}],"author":[{"embeddable":true,"href":"https:\/\/sifnosmaisonsalaplage.gr\/fr\/wp-json\/wp\/v2\/users\/1"}],"replies":[{"embeddable":true,"href":"https:\/\/sifnosmaisonsalaplage.gr\/fr\/wp-json\/wp\/v2\/comments?post=3935"}],"version-history":[{"count":0,"href":"https:\/\/sifnosmaisonsalaplage.gr\/fr\/wp-json\/wp\/v2\/pages\/3935\/revisions"}],"wp:attachment":[{"href":"https:\/\/sifnosmaisonsalaplage.gr\/fr\/wp-json\/wp\/v2\/media?parent=3935"}],"curies":[{"name":"wp","href":"https:\/\/api.w.org\/{rel}","templated":true}]}}