{"id":3915,"date":"2023-02-03T17:46:56","date_gmt":"2023-02-03T17:46:56","guid":{"rendered":"https:\/\/sifnosmaisonsalaplage.gr\/maison-de-zeus\/"},"modified":"2023-10-02T15:40:47","modified_gmt":"2023-10-02T15:40:47","slug":"maison-de-zeus","status":"publish","type":"page","link":"https:\/\/sifnosmaisonsalaplage.gr\/fr\/hebergement\/maison-de-zeus\/","title":{"rendered":"MAISON DE ZEUS"},"content":{"rendered":"<div class=\"wpb-content-wrapper\"><p>[vc_row][vc_column]\n\t\t\t\t<p class=\"rs-p-wp-fix\"><\/p>\n\t\t\t\t<sr7-module data-alias=\"houses\" data-id=\"25\" id=\"hero\" data-version=\"7.0.4\">\n\t\t\t\t\t<sr7-adjuster><\/sr7-adjuster>\n\t\t\t\t\t<sr7-content>\n\t\t\t\t\t\t<sr7-slide id=\"hero-4\" data-key=\"4\">\n\t\t\t\t\t\t\t<sr7-bg id=\"hero-4-2\" class=\"sr7-layer\"><noscript><img decoding=\"async\" src=\"https:\/\/sifnosmaisonsalaplage.gr\/wp-content\/uploads\/2021\/12\/2-1.jpg\" alt=\"\" title=\"2\"><\/noscript><\/sr7-bg>\n\t\t\t\t\t\t\t<sr7-txt id=\"hero-4-1\" class=\"sr7-layer\">TOUCH THE DREAM<\/sr7-txt>\n\t\t\t\t\t\t<\/sr7-slide>\n\t\t\t\t\t\t<sr7-slide id=\"hero-5\" data-key=\"5\">\n\t\t\t\t\t\t\t<sr7-bg id=\"hero-5-2\" class=\"sr7-layer\"><noscript><img decoding=\"async\" src=\"https:\/\/sifnosmaisonsalaplage.gr\/wp-content\/uploads\/2021\/12\/42299.jpg\" alt=\"\" title=\"\"><\/noscript><\/sr7-bg>\n\t\t\t\t\t\t\t<sr7-txt id=\"hero-5-1\" class=\"sr7-layer\">HOUSE Maisons \u00e0 la plage<\/sr7-txt>\n\t\t\t\t\t\t<\/sr7-slide>\n\t\t\t\t\t\t<sr7-slide id=\"hero-6\" data-key=\"6\">\n\t\t\t\t\t\t\t<sr7-bg id=\"hero-6-2\" class=\"sr7-layer\"><noscript><img decoding=\"async\" src=\"https:\/\/sifnosmaisonsalaplage.gr\/wp-content\/uploads\/2021\/12\/4.jpg\" alt=\"\" title=\"\"><\/noscript><\/sr7-bg>\n\t\t\t\t\t\t\t<sr7-txt id=\"hero-6-1\" class=\"sr7-layer\">ENJOY YOUR HOLIDAYS<\/sr7-txt>\n\t\t\t\t\t\t<\/sr7-slide>\n\t\t\t\t\t\t<sr7-slide id=\"hero-16\" data-key=\"16\">\n\t\t\t\t\t\t<\/sr7-slide>\n\t\t\t\t\t<\/sr7-content>\n\t\t\t\t\t<image_lists style=\"display:none\">\n\t\t\t\t\t\t<img data-src=\"\/\/sifnosmaisonsalaplage.gr\/wp-content\/uploads\/2021\/12\/2-1.jpg\" data-libid=\"2305\" data-lib=\"medialibrary\" title=\"2\" width=\"0\" height=\"0\" data-dbsrc=\"Ly9zaWZub3NtYWlzb25zYWxhcGxhZ2UuZ3Ivd3AtY29udGVudC91cGxvYWRzLzIwMjEvMTIvMi0xLmpwZw==\"\/>\n\t\t\t\t\t\t<img data-src=\"\/\/sifnosmaisonsalaplage.gr\/wp-content\/uploads\/2021\/12\/42299.jpg\" data-libid=\"2271\" data-lib=\"medialibrary\" width=\"0\" height=\"0\" data-dbsrc=\"Ly9zaWZub3NtYWlzb25zYWxhcGxhZ2UuZ3Ivd3AtY29udGVudC91cGxvYWRzLzIwMjEvMTIvNDIyOTkuanBn\"\/>\n\t\t\t\t\t\t<img data-src=\"\/\/sifnosmaisonsalaplage.gr\/wp-content\/uploads\/2021\/12\/4.jpg\" data-libid=\"2306\" data-lib=\"medialibrary\" width=\"0\" height=\"0\" data-dbsrc=\"Ly9zaWZub3NtYWlzb25zYWxhcGxhZ2UuZ3Ivd3AtY29udGVudC91cGxvYWRzLzIwMjEvMTIvNC5qcGc=\"\/>\n\t\t\t\t\t<\/image_lists>\n\t\t\t\t<\/sr7-module>\n\t\t\t\t<script data-wcc=\"necessary\">\n\t\t\t\t\twindow.SR7??={}; SR7.PMH ??={}; SR7.PMH[\"hero\"] = {cn:100,state:false,fn: function() { if (window._tpt!==undefined && window._tpt.prepareModuleHeight !== undefined) {  _tpt.prepareModuleHeight({id:\"hero\",el:[800,800,768,960,720],type:'standard',gh:[800,800,768,960,720],gw:[1170,1170,1024,778,480],vpt:['100px&#039;,&#039;100px&#039;,&#039;100px&#039;,&#039;100px&#039;,&#039;100px'],size:{fullWidth:true, fullHeight:false},mh:',,,,',onh:0,onw:0,bg:{color:'{\"orig\":\"transparent\",\"type\":\"solid\",\"string\":\"transparent\"}'},plType:'-1',plColor:'#FFFFFF'});   SR7.PMH[\"hero\"].state=true;} else if(SR7.PMH[\"hero\"].cn-->0)\tsetTimeout( SR7.PMH[\"hero\"].fn,19);}};SR7.PMH[\"hero\" ].fn();\n\t\t\t\t<\/script>\n[\/vc_column][\/vc_row][vc_row][vc_column][vc_empty_space]\t\t\t<div\r\n\t\t\t\tclass=\"main_title  text-center  \">\r\n\t\t\t\t<h2 class=\"title\">Maison de Zeus<\/h2>\r\n\t\t\t\t\t\t\t\t\t<p class=\"main_description\">Maison a la Plage faros Sifnos<\/p>\r\n\t\t\t\t\t\t\t<\/div>\r\n\t\t[vc_empty_space][\/vc_column][\/vc_row][vc_row][vc_column width=&#8221;1\/2&#8243;][vc_column_text]La maison Zeus de 65 m\u00b2 dans le complexe sont des espaces agr\u00e9ables, confortables, avec de grandes terrasses et une vue magnifique sur la mer. Il est recommand\u00e9 aux familles, aux couples ou aux petits groupes d&#8217;amis (jusqu&#8217;\u00e0 8)<\/p>\n<p><strong>L&#8217;Espace<\/strong><\/p>\n<p><strong>Type :<\/strong> Maison<br \/>\n<strong>Taille:<\/strong> 65m2<br \/>\n<strong>H\u00f4tes :<\/strong> 2-8<\/p>\n<p style=\"font-weight: 400;\"><strong>Informations suppl\u00e9mentaires<\/strong><\/p>\n<p>Il y a une sup\u00e9rette \u00e0 3 minutes \u00e0 pied de votre maison, o\u00f9 vous pouvez acheter tout ce dont vous avez besoin pour un magnifique petit d\u00e9jeuner sur votre terrasse !<\/p>\n<p>Les maisons sont disponibles :<\/p>\n<p><strong>Basse saison :<\/strong> Du 1er avril au 15 juin et du 15 septembre au 15 octobre<\/p>\n<p><strong>Moyenne saison :<\/strong> Du 15 juin au 5 juillet et du 25 ao\u00fbt au 14 septembre<\/p>\n<p><strong>Haute saison :<\/strong> Du 6 juillet au 24 ao\u00fbt<\/p>\n<p>N&#8217;h\u00e9sitez pas \u00e0 nous contacter pour en savoir plus sur les avantages de r\u00e9server t\u00f4t.<\/p>\n<p><a href=\"https:\/\/maisonsalaplagesifnos.onlinehotelsmanager.com\/\" target=\"_blank\" rel=\"noopener\">R\u00c9SERVER MAINTENANT<\/a><\/p>\n<p style=\"font-weight: 400;\"><strong>Equipements<\/strong><\/p>\n<div class=\"systran_output\"><span class=\"systran_document\"><span class=\"systran_transUnit\"><span class=\"systran_sentence\"><span class=\"systran_altTrans\"><span class=\"systran_annots\"><span title=\"Click a word to see alternative translations\"><span class=\"systran_token_base\" lang=\"fr\">Equipement<\/span><\/span><span class=\"systran_space\" lang=\"fr\">\u00a0<\/span><span title=\"Click a word to see alternative translations\"><span class=\"systran_token_base\" lang=\"fr\">confortable<\/span><\/span><span class=\"systran_space\" lang=\"fr\">\u00a0<\/span><span title=\"Click a word to see alternative translations\"><span class=\"systran_token_base\" lang=\"fr\">de<\/span><\/span><span class=\"systran_space\" lang=\"fr\">\u00a0<\/span><span title=\"Click a word to see alternative translations\"><span class=\"systran_token_base\" lang=\"fr\">toutes<\/span><\/span><span class=\"systran_space\" lang=\"fr\">\u00a0<\/span><span title=\"Click a word to see alternative translations\"><span class=\"systran_token_base\" lang=\"fr\">les<\/span><\/span><span class=\"systran_space\" lang=\"fr\">\u00a0<\/span><span title=\"Click a word to see alternative translations\"><span class=\"systran_token_base\" lang=\"fr\">chambres<\/span><\/span><\/span><\/span><\/span><\/span><\/span><\/div>\n<div class=\"systran_output\"><span class=\"systran_document\"><span class=\"systran_transUnit\"><span class=\"systran_sentence\"><span class=\"systran_altTrans\"><span class=\"systran_annots\"><span title=\"Click a word to see alternative translations\"><span class=\"systran_token_base\" lang=\"fr\">Cuisine<\/span><\/span><span class=\"systran_space\" lang=\"fr\">\u00a0<\/span><span title=\"Click a word to see alternative translations\"><span class=\"systran_token_base\" lang=\"fr\">enti\u00e8rement<\/span><\/span><span class=\"systran_space\" lang=\"fr\">\u00a0<\/span><span title=\"Click a word to see alternative translations\"><span class=\"systran_token_base\" lang=\"fr\">\u00e9quip\u00e9e<\/span><\/span><\/span><\/span><\/span><\/span><\/span><\/div>\n<div class=\"systran_output\"><span class=\"systran_document\"><span class=\"systran_transUnit\"><span class=\"systran_sentence\"><span class=\"systran_altTrans\"><span class=\"systran_annots\"><span title=\"Click a word to see alternative translations\"><span class=\"systran_token_base\" lang=\"fr\">Wifi<\/span><\/span><span class=\"systran_space\" lang=\"fr\">\u00a0<\/span><span title=\"Click a word to see alternative translations\"><span class=\"systran_token_base\" lang=\"fr\">gratuit<\/span><\/span><\/span><\/span><\/span><\/span><\/span><\/div>\n<div class=\"systran_output\"><span class=\"systran_document\"><span class=\"systran_transUnit\"><span class=\"systran_sentence\"><span class=\"systran_altTrans\"><span class=\"systran_annots\"><span title=\"Click a word to see alternative translations\"><span class=\"systran_token_base\" lang=\"fr\">Parking<\/span><\/span><span class=\"systran_space\" lang=\"fr\">\u00a0<\/span><span title=\"Click a word to see alternative translations\"><span class=\"systran_token_base\" lang=\"fr\">Gratuit<\/span><\/span><\/span><\/span><\/span><\/span><\/span><\/div>\n<div class=\"systran_output\"><span class=\"systran_document\"><span class=\"systran_transUnit\"><span class=\"systran_sentence\"><span class=\"systran_altTrans\"><span class=\"systran_annots\"><span title=\"Click a word to see alternative translations\"><span class=\"systran_token_base\" lang=\"fr\">T\u00e9l\u00e9vision<\/span><\/span><\/span><\/span><\/span><\/span><\/span><\/div>\n<div class=\"systran_output\"><span class=\"systran_document\"><span class=\"systran_transUnit\"><span class=\"systran_sentence\"><span class=\"systran_altTrans\"><span class=\"systran_annots\"><span title=\"Click a word to see alternative translations\"><span class=\"systran_token_base\" lang=\"fr\">Condition<\/span><\/span><span class=\"systran_space\" lang=\"fr\">\u00a0<\/span><span title=\"Click a word to see alternative translations\"><span class=\"systran_token_base\" lang=\"fr\">de<\/span><\/span><span class=\"systran_space\" lang=\"fr\">\u00a0<\/span><span title=\"Click a word to see alternative translations\"><span class=\"systran_token_base\" lang=\"fr\">l&#8217;air<\/span><\/span><\/span><\/span><\/span><\/span><\/span><\/div>\n<div class=\"systran_output\"><span class=\"systran_document\"><span class=\"systran_transUnit\"><span class=\"systran_sentence\"><span class=\"systran_altTrans\"><span class=\"systran_annots\"><span title=\"Click a word to see alternative translations\"><span class=\"systran_token_base\" lang=\"fr\">R\u00e9frig\u00e9rateur<\/span><\/span><\/span><\/span><\/span><\/span><\/span><\/div>\n<div class=\"systran_output\"><span class=\"systran_document\"><span class=\"systran_transUnit\"><span class=\"systran_sentence\"><span class=\"systran_altTrans\"><span class=\"systran_annots\"><span title=\"Click a word to see alternative translations\"><span class=\"systran_token_base\" lang=\"fr\">Lin*<\/span><\/span><\/span><\/span><\/span><\/span><\/span><\/div>\n<p>*Il y a des draps, des taies d&#8217;oreiller, des serviettes de diff\u00e9rentes tailles, des couvertures et des oreillers suppl\u00e9mentaires dans les placards et le linge est rafra\u00eechi tous les quatre jours, le jour du nettoyage.<\/p>\n<p style=\"font-weight: 400;\"><strong>Emplacement<\/strong><\/p>\n<p>Le complexe se trouve \u00e0 c\u00f4t\u00e9 de la plage de Fasolou, \u00e0 une centaine de m\u00e8tres de la mer. Ce complexe de maisons est une touche pittoresque de la r\u00e9gion de Faros, au sud de Sifnos.<\/p>\n<p>En quelques minutes, vous pourrez vous rendre \u00e0 pied de votre maison \u00e0 la plage principale de Faros et \u00e0 la fabuleuse plage de Glyfo. Tu pourras nager et passer des moments de d\u00e9tente dans les petites tavernes du village, d\u00e9guster des plats traditionnels de la mer \u00c9g\u00e9e et du poisson frais.[\/vc_column_text][\/vc_column][vc_column width=&#8221;1\/2&#8243;][vc_raw_html]JTVCZW52aXJhLWdhbGxlcnklMjBpZCUzRCUyMjIyNjclMjIlNUQ=[\/vc_raw_html][\/vc_column][\/vc_row]<\/p>\n<\/div>","protected":false},"excerpt":{"rendered":"<p>[vc_row][vc_column][\/vc_column][\/vc_row][vc_row][vc_column][vc_empty_space][vc_empty_space][\/vc_column][\/vc_row][vc_row][vc_column width=&#8221;1\/2&#8243;][vc_column_text]La maison Zeus de 65 m\u00b2 dans le complexe sont des espaces agr\u00e9ables, confortables, avec de grandes terrasses et une vue magnifique sur la mer. Il est recommand\u00e9 aux familles, aux couples ou aux petits groupes d&#8217;amis (jusqu&#8217;\u00e0 8) L&#8217;Espace Type : Maison Taille: 65m2 H\u00f4tes : 2-8 Informations suppl\u00e9mentaires Il y a une [&hellip;]<\/p>\n","protected":false},"author":1,"featured_media":0,"parent":3924,"menu_order":0,"comment_status":"closed","ping_status":"closed","template":"","meta":{"rs_blank_template":"","rs_page_bg_color":"","slide_template_v7":"","footnotes":""},"class_list":["post-3915","page","type-page","status-publish","hentry"],"yoast_head":"<!-- This site is optimized with the Yoast SEO plugin v27.4 - https:\/\/yoast.com\/product\/yoast-seo-wordpress\/ -->\n<title>MAISON DE ZEUS - Official Web Site Of Maison a la plage<\/title>\n<meta name=\"robots\" content=\"index, follow, max-snippet:-1, max-image-preview:large, max-video-preview:-1\" \/>\n<link rel=\"canonical\" href=\"https:\/\/sifnosmaisonsalaplage.gr\/fr\/hebergement\/maison-de-zeus\/\" \/>\n<meta property=\"og:locale\" content=\"fr_FR\" \/>\n<meta property=\"og:type\" content=\"article\" \/>\n<meta property=\"og:title\" content=\"MAISON DE ZEUS - Official Web Site Of Maison a la plage\" \/>\n<meta property=\"og:description\" content=\"[vc_row][vc_column][\/vc_column][\/vc_row][vc_row][vc_column][vc_empty_space][vc_empty_space][\/vc_column][\/vc_row][vc_row][vc_column width=&#8221;1\/2&#8243;][vc_column_text]La maison Zeus de 65 m\u00b2 dans le complexe sont des espaces agr\u00e9ables, confortables, avec de grandes terrasses et une vue magnifique sur la mer. Il est recommand\u00e9 aux familles, aux couples ou aux petits groupes d&#8217;amis (jusqu&#8217;\u00e0 8) L&#8217;Espace Type : Maison Taille: 65m2 H\u00f4tes : 2-8 Informations suppl\u00e9mentaires Il y a une [&hellip;]\" \/>\n<meta property=\"og:url\" content=\"https:\/\/sifnosmaisonsalaplage.gr\/fr\/hebergement\/maison-de-zeus\/\" \/>\n<meta property=\"og:site_name\" content=\"Official Web Site Of Maison a la plage\" \/>\n<meta property=\"article:publisher\" content=\"https:\/\/www.facebook.com\/SifnosHotels\/\" \/>\n<meta property=\"article:modified_time\" content=\"2023-10-02T15:40:47+00:00\" \/>\n<meta property=\"og:image\" content=\"https:\/\/sifnosmaisonsalaplage.gr\/wp-content\/uploads\/2022\/01\/DJI_0898.jpg\" \/>\n\t<meta property=\"og:image:width\" content=\"2000\" \/>\n\t<meta property=\"og:image:height\" content=\"1124\" \/>\n\t<meta property=\"og:image:type\" content=\"image\/jpeg\" \/>\n<meta name=\"twitter:card\" content=\"summary_large_image\" \/>\n<meta name=\"twitter:label1\" content=\"Dur\u00e9e de lecture estim\u00e9e\" \/>\n\t<meta name=\"twitter:data1\" content=\"2 minutes\" \/>\n<script type=\"application\/ld+json\" class=\"yoast-schema-graph\">{\"@context\":\"https:\\\/\\\/schema.org\",\"@graph\":[{\"@type\":\"WebPage\",\"@id\":\"https:\\\/\\\/sifnosmaisonsalaplage.gr\\\/fr\\\/hebergement\\\/maison-de-zeus\\\/\",\"url\":\"https:\\\/\\\/sifnosmaisonsalaplage.gr\\\/fr\\\/hebergement\\\/maison-de-zeus\\\/\",\"name\":\"MAISON DE ZEUS - Official Web Site Of Maison a la plage\",\"isPartOf\":{\"@id\":\"https:\\\/\\\/sifnosmaisonsalaplage.gr\\\/fr\\\/#website\"},\"datePublished\":\"2023-02-03T17:46:56+00:00\",\"dateModified\":\"2023-10-02T15:40:47+00:00\",\"breadcrumb\":{\"@id\":\"https:\\\/\\\/sifnosmaisonsalaplage.gr\\\/fr\\\/hebergement\\\/maison-de-zeus\\\/#breadcrumb\"},\"inLanguage\":\"fr-FR\",\"potentialAction\":[{\"@type\":\"ReadAction\",\"target\":[\"https:\\\/\\\/sifnosmaisonsalaplage.gr\\\/fr\\\/hebergement\\\/maison-de-zeus\\\/\"]}]},{\"@type\":\"BreadcrumbList\",\"@id\":\"https:\\\/\\\/sifnosmaisonsalaplage.gr\\\/fr\\\/hebergement\\\/maison-de-zeus\\\/#breadcrumb\",\"itemListElement\":[{\"@type\":\"ListItem\",\"position\":1,\"name\":\"Home\",\"item\":\"https:\\\/\\\/sifnosmaisonsalaplage.gr\\\/fr\\\/\"},{\"@type\":\"ListItem\",\"position\":2,\"name\":\"H\u00c9BERGEMENT\",\"item\":\"https:\\\/\\\/sifnosmaisonsalaplage.gr\\\/fr\\\/hebergement\\\/\"},{\"@type\":\"ListItem\",\"position\":3,\"name\":\"MAISON DE ZEUS\"}]},{\"@type\":\"WebSite\",\"@id\":\"https:\\\/\\\/sifnosmaisonsalaplage.gr\\\/fr\\\/#website\",\"url\":\"https:\\\/\\\/sifnosmaisonsalaplage.gr\\\/fr\\\/\",\"name\":\"Official Web Site Of Maison a la plage\",\"description\":\"Hotel Apartments in Sifnos island\",\"publisher\":{\"@id\":\"https:\\\/\\\/sifnosmaisonsalaplage.gr\\\/fr\\\/#organization\"},\"potentialAction\":[{\"@type\":\"SearchAction\",\"target\":{\"@type\":\"EntryPoint\",\"urlTemplate\":\"https:\\\/\\\/sifnosmaisonsalaplage.gr\\\/fr\\\/?s={search_term_string}\"},\"query-input\":{\"@type\":\"PropertyValueSpecification\",\"valueRequired\":true,\"valueName\":\"search_term_string\"}}],\"inLanguage\":\"fr-FR\"},{\"@type\":\"Organization\",\"@id\":\"https:\\\/\\\/sifnosmaisonsalaplage.gr\\\/fr\\\/#organization\",\"name\":\"Maison Ala plage Sifnos\",\"url\":\"https:\\\/\\\/sifnosmaisonsalaplage.gr\\\/fr\\\/\",\"logo\":{\"@type\":\"ImageObject\",\"inLanguage\":\"fr-FR\",\"@id\":\"https:\\\/\\\/sifnosmaisonsalaplage.gr\\\/fr\\\/#\\\/schema\\\/logo\\\/image\\\/\",\"url\":\"https:\\\/\\\/sifnosmaisonsalaplage.gr\\\/wp-content\\\/uploads\\\/2021\\\/12\\\/120.png\",\"contentUrl\":\"https:\\\/\\\/sifnosmaisonsalaplage.gr\\\/wp-content\\\/uploads\\\/2021\\\/12\\\/120.png\",\"width\":120,\"height\":120,\"caption\":\"Maison Ala plage Sifnos\"},\"image\":{\"@id\":\"https:\\\/\\\/sifnosmaisonsalaplage.gr\\\/fr\\\/#\\\/schema\\\/logo\\\/image\\\/\"},\"sameAs\":[\"https:\\\/\\\/www.facebook.com\\\/SifnosHotels\\\/\",\"https:\\\/\\\/www.instagram.com\\\/accounts\\\/login\\\/\"]}]}<\/script>\n<!-- \/ Yoast SEO plugin. -->","yoast_head_json":{"title":"MAISON DE ZEUS - Official Web Site Of Maison a la plage","robots":{"index":"index","follow":"follow","max-snippet":"max-snippet:-1","max-image-preview":"max-image-preview:large","max-video-preview":"max-video-preview:-1"},"canonical":"https:\/\/sifnosmaisonsalaplage.gr\/fr\/hebergement\/maison-de-zeus\/","og_locale":"fr_FR","og_type":"article","og_title":"MAISON DE ZEUS - Official Web Site Of Maison a la plage","og_description":"[vc_row][vc_column][\/vc_column][\/vc_row][vc_row][vc_column][vc_empty_space][vc_empty_space][\/vc_column][\/vc_row][vc_row][vc_column width=&#8221;1\/2&#8243;][vc_column_text]La maison Zeus de 65 m\u00b2 dans le complexe sont des espaces agr\u00e9ables, confortables, avec de grandes terrasses et une vue magnifique sur la mer. Il est recommand\u00e9 aux familles, aux couples ou aux petits groupes d&#8217;amis (jusqu&#8217;\u00e0 8) L&#8217;Espace Type : Maison Taille: 65m2 H\u00f4tes : 2-8 Informations suppl\u00e9mentaires Il y a une [&hellip;]","og_url":"https:\/\/sifnosmaisonsalaplage.gr\/fr\/hebergement\/maison-de-zeus\/","og_site_name":"Official Web Site Of Maison a la plage","article_publisher":"https:\/\/www.facebook.com\/SifnosHotels\/","article_modified_time":"2023-10-02T15:40:47+00:00","og_image":[{"width":2000,"height":1124,"url":"https:\/\/sifnosmaisonsalaplage.gr\/wp-content\/uploads\/2022\/01\/DJI_0898.jpg","type":"image\/jpeg"}],"twitter_card":"summary_large_image","twitter_misc":{"Dur\u00e9e de lecture estim\u00e9e":"2 minutes"},"schema":{"@context":"https:\/\/schema.org","@graph":[{"@type":"WebPage","@id":"https:\/\/sifnosmaisonsalaplage.gr\/fr\/hebergement\/maison-de-zeus\/","url":"https:\/\/sifnosmaisonsalaplage.gr\/fr\/hebergement\/maison-de-zeus\/","name":"MAISON DE ZEUS - Official Web Site Of Maison a la plage","isPartOf":{"@id":"https:\/\/sifnosmaisonsalaplage.gr\/fr\/#website"},"datePublished":"2023-02-03T17:46:56+00:00","dateModified":"2023-10-02T15:40:47+00:00","breadcrumb":{"@id":"https:\/\/sifnosmaisonsalaplage.gr\/fr\/hebergement\/maison-de-zeus\/#breadcrumb"},"inLanguage":"fr-FR","potentialAction":[{"@type":"ReadAction","target":["https:\/\/sifnosmaisonsalaplage.gr\/fr\/hebergement\/maison-de-zeus\/"]}]},{"@type":"BreadcrumbList","@id":"https:\/\/sifnosmaisonsalaplage.gr\/fr\/hebergement\/maison-de-zeus\/#breadcrumb","itemListElement":[{"@type":"ListItem","position":1,"name":"Home","item":"https:\/\/sifnosmaisonsalaplage.gr\/fr\/"},{"@type":"ListItem","position":2,"name":"H\u00c9BERGEMENT","item":"https:\/\/sifnosmaisonsalaplage.gr\/fr\/hebergement\/"},{"@type":"ListItem","position":3,"name":"MAISON DE ZEUS"}]},{"@type":"WebSite","@id":"https:\/\/sifnosmaisonsalaplage.gr\/fr\/#website","url":"https:\/\/sifnosmaisonsalaplage.gr\/fr\/","name":"Official Web Site Of Maison a la plage","description":"Hotel Apartments in Sifnos island","publisher":{"@id":"https:\/\/sifnosmaisonsalaplage.gr\/fr\/#organization"},"potentialAction":[{"@type":"SearchAction","target":{"@type":"EntryPoint","urlTemplate":"https:\/\/sifnosmaisonsalaplage.gr\/fr\/?s={search_term_string}"},"query-input":{"@type":"PropertyValueSpecification","valueRequired":true,"valueName":"search_term_string"}}],"inLanguage":"fr-FR"},{"@type":"Organization","@id":"https:\/\/sifnosmaisonsalaplage.gr\/fr\/#organization","name":"Maison Ala plage Sifnos","url":"https:\/\/sifnosmaisonsalaplage.gr\/fr\/","logo":{"@type":"ImageObject","inLanguage":"fr-FR","@id":"https:\/\/sifnosmaisonsalaplage.gr\/fr\/#\/schema\/logo\/image\/","url":"https:\/\/sifnosmaisonsalaplage.gr\/wp-content\/uploads\/2021\/12\/120.png","contentUrl":"https:\/\/sifnosmaisonsalaplage.gr\/wp-content\/uploads\/2021\/12\/120.png","width":120,"height":120,"caption":"Maison Ala plage Sifnos"},"image":{"@id":"https:\/\/sifnosmaisonsalaplage.gr\/fr\/#\/schema\/logo\/image\/"},"sameAs":["https:\/\/www.facebook.com\/SifnosHotels\/","https:\/\/www.instagram.com\/accounts\/login\/"]}]}},"_links":{"self":[{"href":"https:\/\/sifnosmaisonsalaplage.gr\/fr\/wp-json\/wp\/v2\/pages\/3915","targetHints":{"allow":["GET"]}}],"collection":[{"href":"https:\/\/sifnosmaisonsalaplage.gr\/fr\/wp-json\/wp\/v2\/pages"}],"about":[{"href":"https:\/\/sifnosmaisonsalaplage.gr\/fr\/wp-json\/wp\/v2\/types\/page"}],"author":[{"embeddable":true,"href":"https:\/\/sifnosmaisonsalaplage.gr\/fr\/wp-json\/wp\/v2\/users\/1"}],"replies":[{"embeddable":true,"href":"https:\/\/sifnosmaisonsalaplage.gr\/fr\/wp-json\/wp\/v2\/comments?post=3915"}],"version-history":[{"count":0,"href":"https:\/\/sifnosmaisonsalaplage.gr\/fr\/wp-json\/wp\/v2\/pages\/3915\/revisions"}],"up":[{"embeddable":true,"href":"https:\/\/sifnosmaisonsalaplage.gr\/fr\/wp-json\/wp\/v2\/pages\/3924"}],"wp:attachment":[{"href":"https:\/\/sifnosmaisonsalaplage.gr\/fr\/wp-json\/wp\/v2\/media?parent=3915"}],"curies":[{"name":"wp","href":"https:\/\/api.w.org\/{rel}","templated":true}]}}