{"id":3904,"date":"2023-02-03T12:53:37","date_gmt":"2023-02-03T12:53:37","guid":{"rendered":"https:\/\/sifnosmaisonsalaplage.gr\/accueil\/"},"modified":"2024-11-24T06:23:31","modified_gmt":"2024-11-24T06:23:31","slug":"accueil","status":"publish","type":"page","link":"https:\/\/sifnosmaisonsalaplage.gr\/fr\/","title":{"rendered":"ACCUEIL"},"content":{"rendered":"<div class=\"wpb-content-wrapper\"><p>[vc_row][vc_column][\/vc_column][\/vc_row][vc_row][vc_column]<div class=\"hbf eb-search-form eb-horizontal-search-form half-over-slider\">\n  <div class=\"inner\">\n\n      <form id=\"search-form\" class=\"search-form\" action=\"https:\/\/maisonsalaplagesifnos.onlinehotelsmanager.com\/\" method=\"get\" target=\"_self\">\n\n      <div class=\"eb-form-fields\">\n\n        \r\n<input type=\"hidden\" name=\"\" value=\"\" >\r\n<input type=\"hidden\" name=\"\" value=\"\" >\r\n<div class=\"eb-field-group\">\r\n   <label>Check In\/Out<\/label>\r\n   <input type=\"text\" class=\"eb-datepicker eb-field\" placeholder=\"Check In &nbsp;&nbsp;\u2192&nbsp;&nbsp; Check Out\" value=\"\" autocomplete=\"off\" readonly>\r\n   <input type=\"hidden\" class=\"eb_checkin\"  name=\"\">\r\n   <input type=\"hidden\" class=\"eb_checkout\"  name=\"\">\r\n<\/div>\r\n\r\n<div class=\"eb-field-group\">\r\n  <label>Guests<\/label>\r\n  <div class=\"eb-guestspicker eb-field\">\r\n\r\n    <div class=\"guestspicker\">\r\n      Guests <span class=\"gueststotal\">1<\/span>\r\n    <\/div>\r\n\r\n    <div class=\"eb-guestspicker-content\">\r\n\r\n      \r\n        <div class=\"guests-buttons\">\r\n          <div class=\"description\">\r\n            <label>Guests<\/label>\r\n          <\/div>\r\n          <div class=\"guests-button\">\r\n            <div class=\"minus\"><\/div>\r\n            <input type=\"text\" id =\"eagle_booking_guests\" name=\"\" class=\"booking-guests\" value=\"1\" data-min=\"1\" data-max=\"4\">\r\n            <div class=\"plus\"><\/div>\r\n          <\/div>\r\n        <\/div>\r\n\r\n      \r\n    <\/div>\r\n  <\/div>\r\n<\/div>\r\n\n        <button id=\"eb_search_form\" class=\"button btn eb-btn eb-btn-search-form\" type=\"submit\">\n            <span class=\"eb-btn-text\">Check Availability<\/span>\n        <\/button>\n\n      <\/div>\n\n    <\/form>\n\n  <\/div>\n<\/div>\n[\/vc_column][\/vc_row][vc_row full_width=&#8221;stretch_row&#8221; css=&#8221;.vc_custom_1531848941252{padding-top: 100px !important;padding-bottom: 100px !important;}&#8221;][vc_column width=&#8221;1\/2&#8243;]\t\t\t<div\r\n\t\t\t\tclass=\"main_title  text-left  \">\r\n\t\t\t\t<h2 class=\"title\">Maisons traditionnelles<\/h2>\r\n\t\t\t\t\t\t\t\t\t<p class=\"main_description\">``Maisons \u00e0 la plage`` at Sifnos<\/p>\r\n\t\t\t\t\t\t\t<\/div>\r\n\t\t[vc_column_text]Nous vous recommandons de s\u00e9journer dans notre complexe, dans l&#8217;une des maisons traditionnelles, qui sont \u00e0 c\u00f4t\u00e9 de la plage de Fassolou, \u00e0 une centaine de m\u00e8tres de la mer. Ce complexe de maisons est une touche pittoresque de la r\u00e9gion de Faros, au sud de Sifnos.<\/p>\n<p>En quelques minutes, vous pourrez vous rendre \u00e0 pied de votre appartement \u00e0 la plage principale de Faros et \u00e0 la fabuleuse plage de Glyfo. Tu pourras nager et passer des moments de d\u00e9tente dans les petites tavernes du village, d\u00e9guster des plats traditionnels de la mer \u00c9g\u00e9e et du poisson frais. Pour la baignade, le d\u00e9jeuner et le d\u00eener, vous pourrez \u00e9galement vous rendre sur la plage de Chrissopigi qui se trouve juste au coin de la rue !<\/p>\n<p>Nous vous garantissons des promenades inoubliables au clair de lune de Faros \u00e0 Chrissopigi ! Le chemin pav\u00e9 lumineux m\u00e8ne \u00e0 un horizon unique sur la mer Eg\u00e9e. Les plages les plus pittoresques de l&#8217;\u00eele sont litt\u00e9ralement \u00e0 c\u00f4t\u00e9 de vous : Fassolou, Faros, Glyfo et Chrissopigi vous \u00e9tonneront pendant vos vacances.[\/vc_column_text]\r\n        \r\n        <style>\r\n\t\t\t\t#btn-container-oldSi {\r\n\t\t\t\t\tfont-size: 15px;\r\n\t\t\t\t\tfont-weight: bold;\r\n\t\t\t\t}\r\n        #btn-oldSi {\r\n        \tbackground: #ffffff;\r\n\t\t\t\t\tborder-style: solid;\r\n        \tborder-color: #deb668;\r\n\t\t\t\t\tborder-width: 2px;\r\n        \tcolor: #deb668;\r\n\t\t\t\t\tpadding: 10px 25px;\r\n\t\t\t\t\tborder-radius: 2px;\r\n\t\t\t\t\tfont-size: 15px;\r\n\t\t\t\t\tline-height: 15px;\r\n\t\t\t\t\t\t\t\t\t\t\t\t\t\t\tfont-weight: bold;\r\n        }\r\n\r\n\t\t\t\t#btn-oldSi:hover {\r\n\t\t\t\t\tbackground: #deb668;\r\n\t\t\t\t\tborder-color: #deb668;\r\n\t\t\t\t\tcolor: #ffffff;\r\n\t\t\t\t\t\t\t\t\t\tbox-shadow: 0 15px 30px rgba(0, 0, 0, 0.10);\r\n\t\t\t\t\t\t\t\t\t\t\t\t\t\t\t\t\t\t\t\t-ms-transform: translateY(-2px);\r\n\t\t\t\t\ttransform: translateY(-2px);\r\n\t\t\t\t\t-webkit-transform: translateY(-2px);\r\n\t\t\t\t\t\r\n\t\t\t\t}\r\n\r\n\t\t    #btn-oldSi i {\r\n\t\t\t\t\tright: 14px;\r\n\t\t\t\t\tmargin-top: 0;\r\n\t\t\t\t\tvertical-align: middle;\r\n\t\t\t\t\tborder-radius: 50%;\r\n\t\t\t\t\tline-height: 20px;\r\n\t\t\t\t\theight: 20px;\r\n\t\t\t\t\twidth: 20px;\r\n\t\t\t\t\tbackground: #deb668;\r\n\t\t\t\t\tmargin-left: 8px;\r\n\t\t\t\t\tmargin-right: 0;\r\n\t\t\t\t\tcolor: #ffffff;\r\n\t\t\t\t\tfont-size: 8px;\r\n\t\t\t\t\ttext-align: center;\r\n\t\t\t\t}\r\n\r\n\t\t\t\t #btn-oldSi:hover i {\r\n\t\t\t\t \tbackground: #ffffff;\r\n\t\t\t\t\tcolor: #deb668;\r\n\t\t\t\t }\r\n\r\n        <\/style>\r\n\r\n\t\t<!-- BUTTON -->\r\n        <div id=\"btn-container-oldSi\" class=\"text-left\">\r\n\t\t\t\r\n\t\t\t\t\t<a href=\"https:\/\/sifnosmaisonsalaplage.gr\/fr\/hebergement\/\" id=\"btn-oldSi\" class=\"btn \" target=\"_self\">\r\n\t\t\t\t\t\tPlus de d\u00e9tails\t\t\t\t\t\t\t\t\t\t\t\t<i class=\"fa fa-chevron-right\"><\/i>\r\n\t\t\t\t\t\t\t\t\t\t\t<\/a>\r\n\t\t\t\t\t        <\/div>\r\n\r\n        [\/vc_column][vc_column width=&#8221;1\/2&#8243;][vc_empty_space]\r\n        <div class=\"image-3d-effect\">\r\n          <div class=\"side left\"><\/div>\r\n          <div class=\"side right\"><\/div>\r\n          <div class=\"images\">\r\n                        <div class=\"front-image\" style=\"background-image: url(https:\/\/sifnosmaisonsalaplage.gr\/wp-content\/uploads\/2021\/12\/9x500.jpg)\"><\/div>\r\n                                    <div class=\"back-image\" style=\"background-image: url(https:\/\/sifnosmaisonsalaplage.gr\/wp-content\/uploads\/2024\/11\/HEFAISTOUS-3.jpg)\"><\/div>\r\n                      <\/div>\r\n        <\/div>\r\n\r\n\r\n\r\n        [\/vc_column][\/vc_row][vc_row full_width=&#8221;stretch_row&#8221; css=&#8221;.vc_custom_1531849737322{border-top-width: 1px !important;border-bottom-width: 1px !important;padding-top: 100px !important;padding-bottom: 100px !important;background-color: #f1f0ed !important;border-top-color: #ebeae9 !important;border-top-style: solid !important;border-bottom-color: #ebeae9 !important;border-bottom-style: solid !important;}&#8221; el_class=&#8221;gray-bg&#8221;][vc_column]\t\t\t<div\r\n\t\t\t\tclass=\"main_title  text-center  \">\r\n\t\t\t\t<h2 class=\"title\">NOS MAISONS PR\u00c9F\u00c9R\u00c9ES<\/h2>\r\n\t\t\t\t\t\t\t\t\t<p class=\"main_description\">D\u00e9couvrez d\u00e8s maintenant nos meilleures Maisons<\/p>\r\n\t\t\t\t\t\t\t<\/div>\r\n\t\t[vc_empty_space height=&#8221;30&#8243;][vc_row_inner][vc_column_inner width=&#8221;1\/3&#8243;][\/vc_column_inner][vc_column_inner width=&#8221;1\/3&#8243;]<a\n  href=\"https:\/\/sifnosmaisonsalaplage.gr\/accommodation-faros-sifnos\/house-of-hephaestus\/\"\n  class=\"marvelous-link noHover\"\n  >\n  <figure class=\"marvelous-hover effect-hover effect-lily ratiooriginal effect-fonts  marvelous_custom_class_8673b760d3341a  \">\n        <img decoding=\"async\" src=\"https:\/\/sifnosmaisonsalaplage.gr\/wp-content\/uploads\/2024\/11\/\u0391\u03bd\u03c4\u03b9\u03b3\u03c1\u03b1\u03c6\u03bf-2-\u03b1\u03c0\u03bf-P4080053.jpg\" alt=\"\"\/>\n    \n    <figcaption>\n      <div class=\"effect-caption\">\n        <div class=\"effect-heading\">\n          <h2> <span>Maison d&#039;H\u00e9pha\u00efstos<\/span><\/h2>\n        <\/div>\n\n        <div class=\"effect-description\">\n                    <p class=\"description\">&nbsp;<\/p>\n                  <\/div>\n\n      <\/div>\n    <\/figcaption>\n  <\/figure>\n<\/a>\n[\/vc_column_inner][vc_column_inner width=&#8221;1\/3&#8243;][\/vc_column_inner][\/vc_row_inner]\r\n        \r\n        <style>\r\n\t\t\t\t#btn-container-G69dq {\r\n\t\t\t\t\tfont-size: 16px;\r\n\t\t\t\t\tfont-weight: bold;\r\n\t\t\t\t}\r\n        #btn-G69dq {\r\n        \tbackground: rgba(255,255,255,0.01);\r\n\t\t\t\t\tborder-style: solid;\r\n        \tborder-color: #deb668;\r\n\t\t\t\t\tborder-width: 2px;\r\n        \tcolor: #deb668;\r\n\t\t\t\t\tpadding: 6px 12px;\r\n\t\t\t\t\tborder-radius: 2px;\r\n\t\t\t\t\tfont-size: 16px;\r\n\t\t\t\t\tline-height: 16px;\r\n\t\t\t\t\t\t\t\t\t\t\t\t\t\t\tfont-weight: bold;\r\n        }\r\n\r\n\t\t\t\t#btn-G69dq:hover {\r\n\t\t\t\t\tbackground: #deb668;\r\n\t\t\t\t\tborder-color: #deb668;\r\n\t\t\t\t\tcolor: #ffffff;\r\n\t\t\t\t\t\t\t\t\t\tbox-shadow: 0 15px 30px rgba(0, 0, 0, 0.10);\r\n\t\t\t\t\t\t\t\t\t\t\t\t\t\t\t\t\t\t\t\t-ms-transform: translateY(-2px);\r\n\t\t\t\t\ttransform: translateY(-2px);\r\n\t\t\t\t\t-webkit-transform: translateY(-2px);\r\n\t\t\t\t\t\r\n\t\t\t\t}\r\n\r\n\t\t    #btn-G69dq i {\r\n\t\t\t\t\tright: 14px;\r\n\t\t\t\t\tmargin-top: 0;\r\n\t\t\t\t\tvertical-align: middle;\r\n\t\t\t\t\tborder-radius: 50%;\r\n\t\t\t\t\tline-height: 20px;\r\n\t\t\t\t\theight: 20px;\r\n\t\t\t\t\twidth: 20px;\r\n\t\t\t\t\tbackground: #deb668;\r\n\t\t\t\t\tmargin-left: 8px;\r\n\t\t\t\t\tmargin-right: 0;\r\n\t\t\t\t\tcolor: #ffffff;\r\n\t\t\t\t\tfont-size: 8px;\r\n\t\t\t\t\ttext-align: center;\r\n\t\t\t\t}\r\n\r\n\t\t\t\t #btn-G69dq:hover i {\r\n\t\t\t\t \tbackground: #ffffff;\r\n\t\t\t\t\tcolor: #deb668;\r\n\t\t\t\t }\r\n\r\n        <\/style>\r\n\r\n\t\t<!-- BUTTON -->\r\n        <div id=\"btn-container-G69dq\" class=\"text-center\">\r\n\t\t\t\r\n\t\t\t\t\t<a href=\"https:\/\/maisonsalaplagesifnos.onlinehotelsmanager.com\/\" id=\"btn-G69dq\" class=\"btn \" target=\"_self\">\r\n\t\t\t\t\t\tR\u00c9SERVER MAINTENANT\t\t\t\t\t\t\t\t\t\t\t\t<i class=\"fa fa fa-chevron-right\"><\/i>\r\n\t\t\t\t\t\t\t\t\t\t\t<\/a>\r\n\t\t\t\t\t        <\/div>\r\n\r\n        [\/vc_column][\/vc_row][vc_row full_width=&#8221;stretch_row&#8221; parallax=&#8221;content-moving&#8221; css=&#8221;.vc_custom_1732396851881{padding-top: 100px !important;padding-bottom: 100px !important;}&#8221; el_class=&#8221;color-overlay&#8221;][vc_column]\r\n        <div class=\"video_popup\">\r\n            <a class=\"popup-vimeo\" href=\"https:\/\/www.youtube.com\/watch?v=k23UwlVz2oA\"><i class=\"las la-play\"><\/i><\/a>\r\n        <\/div>\r\n\r\n        [\/vc_column][\/vc_row][vc_row][vc_column][vc_empty_space height=&#8221;64px&#8221; css=&#8221;.vc_custom_1641337107223{background-color: #ffffff !important;}&#8221;][\/vc_column][\/vc_row][vc_row][vc_column][vc_single_image image=&#8221;2583&#8243; img_size=&#8221;140X90&#8243; alignment=&#8221;center&#8221; style=&#8221;vc_box_shadow_border&#8221; onclick=&#8221;custom_link&#8221; img_link_target=&#8221;_blank&#8221; css=&#8221;&#8221; link=&#8221;https:\/\/villavrissi.gr\/&#8221;][\/vc_column][\/vc_row]<\/p>\n<\/div>","protected":false},"excerpt":{"rendered":"<p>[vc_row][vc_column][\/vc_column][\/vc_row][vc_row][vc_column][\/vc_column][\/vc_row][vc_row full_width=&#8221;stretch_row&#8221; css=&#8221;.vc_custom_1531848941252{padding-top: 100px !important;padding-bottom: 100px !important;}&#8221;][vc_column width=&#8221;1\/2&#8243;][vc_column_text]Nous vous recommandons de s\u00e9journer dans notre complexe, dans l&#8217;une des maisons traditionnelles, qui sont \u00e0 c\u00f4t\u00e9 de la plage de Fassolou, \u00e0 une centaine de m\u00e8tres de la mer. Ce complexe de maisons est une touche pittoresque de la r\u00e9gion de Faros, au sud de Sifnos. En [&hellip;]<\/p>\n","protected":false},"author":1,"featured_media":0,"parent":0,"menu_order":0,"comment_status":"closed","ping_status":"closed","template":"","meta":{"rs_blank_template":"","rs_page_bg_color":"","slide_template_v7":"","footnotes":""},"class_list":["post-3904","page","type-page","status-publish","hentry"],"yoast_head":"<!-- This site is optimized with the Yoast SEO plugin v27.4 - https:\/\/yoast.com\/product\/yoast-seo-wordpress\/ -->\n<title>ACCUEIL - Official Web Site Of Maison a la plage<\/title>\n<meta name=\"description\" content=\"Hotel WordPress Theme with complete and easy to use booking system including everything you need to manage your hotel and resort.\" \/>\n<meta name=\"robots\" content=\"index, follow, max-snippet:-1, max-image-preview:large, max-video-preview:-1\" \/>\n<link rel=\"canonical\" href=\"https:\/\/sifnosmaisonsalaplage.gr\/fr\/\" \/>\n<meta property=\"og:locale\" content=\"fr_FR\" \/>\n<meta property=\"og:type\" content=\"article\" \/>\n<meta property=\"og:title\" content=\"ACCUEIL - Official Web Site Of Maison a la plage\" \/>\n<meta property=\"og:description\" content=\"Hotel WordPress Theme with complete and easy to use booking system including everything you need to manage your hotel and resort.\" \/>\n<meta property=\"og:url\" content=\"https:\/\/sifnosmaisonsalaplage.gr\/fr\/\" \/>\n<meta property=\"og:site_name\" content=\"Official Web Site Of Maison a la plage\" \/>\n<meta property=\"article:publisher\" content=\"https:\/\/www.facebook.com\/SifnosHotels\/\" \/>\n<meta property=\"article:modified_time\" content=\"2024-11-24T06:23:31+00:00\" \/>\n<meta property=\"og:image\" content=\"https:\/\/sifnosmaisonsalaplage.gr\/wp-content\/uploads\/2022\/01\/DJI_0898.jpg\" \/>\n\t<meta property=\"og:image:width\" content=\"2000\" \/>\n\t<meta property=\"og:image:height\" content=\"1124\" \/>\n\t<meta property=\"og:image:type\" content=\"image\/jpeg\" \/>\n<meta name=\"twitter:card\" content=\"summary_large_image\" \/>\n<meta name=\"twitter:label1\" content=\"Dur\u00e9e de lecture estim\u00e9e\" \/>\n\t<meta name=\"twitter:data1\" content=\"3 minutes\" \/>\n<script type=\"application\/ld+json\" class=\"yoast-schema-graph\">{\"@context\":\"https:\\\/\\\/schema.org\",\"@graph\":[{\"@type\":\"WebPage\",\"@id\":\"https:\\\/\\\/sifnosmaisonsalaplage.gr\\\/fr\\\/\",\"url\":\"https:\\\/\\\/sifnosmaisonsalaplage.gr\\\/fr\\\/\",\"name\":\"ACCUEIL - Official Web Site Of Maison a la plage\",\"isPartOf\":{\"@id\":\"https:\\\/\\\/sifnosmaisonsalaplage.gr\\\/fr\\\/#website\"},\"datePublished\":\"2023-02-03T12:53:37+00:00\",\"dateModified\":\"2024-11-24T06:23:31+00:00\",\"description\":\"Hotel WordPress Theme with complete and easy to use booking system including everything you need to manage your hotel and resort.\",\"breadcrumb\":{\"@id\":\"https:\\\/\\\/sifnosmaisonsalaplage.gr\\\/fr\\\/#breadcrumb\"},\"inLanguage\":\"fr-FR\",\"potentialAction\":[{\"@type\":\"ReadAction\",\"target\":[\"https:\\\/\\\/sifnosmaisonsalaplage.gr\\\/fr\\\/\"]}]},{\"@type\":\"BreadcrumbList\",\"@id\":\"https:\\\/\\\/sifnosmaisonsalaplage.gr\\\/fr\\\/#breadcrumb\",\"itemListElement\":[{\"@type\":\"ListItem\",\"position\":1,\"name\":\"Home\",\"item\":\"https:\\\/\\\/sifnosmaisonsalaplage.gr\\\/fr\\\/\"},{\"@type\":\"ListItem\",\"position\":2,\"name\":\"ACCUEIL\"}]},{\"@type\":\"WebSite\",\"@id\":\"https:\\\/\\\/sifnosmaisonsalaplage.gr\\\/fr\\\/#website\",\"url\":\"https:\\\/\\\/sifnosmaisonsalaplage.gr\\\/fr\\\/\",\"name\":\"Official Web Site Of Maison a la plage\",\"description\":\"Hotel Apartments in Sifnos island\",\"publisher\":{\"@id\":\"https:\\\/\\\/sifnosmaisonsalaplage.gr\\\/fr\\\/#organization\"},\"potentialAction\":[{\"@type\":\"SearchAction\",\"target\":{\"@type\":\"EntryPoint\",\"urlTemplate\":\"https:\\\/\\\/sifnosmaisonsalaplage.gr\\\/fr\\\/?s={search_term_string}\"},\"query-input\":{\"@type\":\"PropertyValueSpecification\",\"valueRequired\":true,\"valueName\":\"search_term_string\"}}],\"inLanguage\":\"fr-FR\"},{\"@type\":\"Organization\",\"@id\":\"https:\\\/\\\/sifnosmaisonsalaplage.gr\\\/fr\\\/#organization\",\"name\":\"Maison Ala plage Sifnos\",\"url\":\"https:\\\/\\\/sifnosmaisonsalaplage.gr\\\/fr\\\/\",\"logo\":{\"@type\":\"ImageObject\",\"inLanguage\":\"fr-FR\",\"@id\":\"https:\\\/\\\/sifnosmaisonsalaplage.gr\\\/fr\\\/#\\\/schema\\\/logo\\\/image\\\/\",\"url\":\"https:\\\/\\\/sifnosmaisonsalaplage.gr\\\/wp-content\\\/uploads\\\/2021\\\/12\\\/120.png\",\"contentUrl\":\"https:\\\/\\\/sifnosmaisonsalaplage.gr\\\/wp-content\\\/uploads\\\/2021\\\/12\\\/120.png\",\"width\":120,\"height\":120,\"caption\":\"Maison Ala plage Sifnos\"},\"image\":{\"@id\":\"https:\\\/\\\/sifnosmaisonsalaplage.gr\\\/fr\\\/#\\\/schema\\\/logo\\\/image\\\/\"},\"sameAs\":[\"https:\\\/\\\/www.facebook.com\\\/SifnosHotels\\\/\",\"https:\\\/\\\/www.instagram.com\\\/accounts\\\/login\\\/\"]}]}<\/script>\n<!-- \/ Yoast SEO plugin. -->","yoast_head_json":{"title":"ACCUEIL - Official Web Site Of Maison a la plage","description":"Hotel WordPress Theme with complete and easy to use booking system including everything you need to manage your hotel and resort.","robots":{"index":"index","follow":"follow","max-snippet":"max-snippet:-1","max-image-preview":"max-image-preview:large","max-video-preview":"max-video-preview:-1"},"canonical":"https:\/\/sifnosmaisonsalaplage.gr\/fr\/","og_locale":"fr_FR","og_type":"article","og_title":"ACCUEIL - Official Web Site Of Maison a la plage","og_description":"Hotel WordPress Theme with complete and easy to use booking system including everything you need to manage your hotel and resort.","og_url":"https:\/\/sifnosmaisonsalaplage.gr\/fr\/","og_site_name":"Official Web Site Of Maison a la plage","article_publisher":"https:\/\/www.facebook.com\/SifnosHotels\/","article_modified_time":"2024-11-24T06:23:31+00:00","og_image":[{"width":2000,"height":1124,"url":"https:\/\/sifnosmaisonsalaplage.gr\/wp-content\/uploads\/2022\/01\/DJI_0898.jpg","type":"image\/jpeg"}],"twitter_card":"summary_large_image","twitter_misc":{"Dur\u00e9e de lecture estim\u00e9e":"3 minutes"},"schema":{"@context":"https:\/\/schema.org","@graph":[{"@type":"WebPage","@id":"https:\/\/sifnosmaisonsalaplage.gr\/fr\/","url":"https:\/\/sifnosmaisonsalaplage.gr\/fr\/","name":"ACCUEIL - Official Web Site Of Maison a la plage","isPartOf":{"@id":"https:\/\/sifnosmaisonsalaplage.gr\/fr\/#website"},"datePublished":"2023-02-03T12:53:37+00:00","dateModified":"2024-11-24T06:23:31+00:00","description":"Hotel WordPress Theme with complete and easy to use booking system including everything you need to manage your hotel and resort.","breadcrumb":{"@id":"https:\/\/sifnosmaisonsalaplage.gr\/fr\/#breadcrumb"},"inLanguage":"fr-FR","potentialAction":[{"@type":"ReadAction","target":["https:\/\/sifnosmaisonsalaplage.gr\/fr\/"]}]},{"@type":"BreadcrumbList","@id":"https:\/\/sifnosmaisonsalaplage.gr\/fr\/#breadcrumb","itemListElement":[{"@type":"ListItem","position":1,"name":"Home","item":"https:\/\/sifnosmaisonsalaplage.gr\/fr\/"},{"@type":"ListItem","position":2,"name":"ACCUEIL"}]},{"@type":"WebSite","@id":"https:\/\/sifnosmaisonsalaplage.gr\/fr\/#website","url":"https:\/\/sifnosmaisonsalaplage.gr\/fr\/","name":"Official Web Site Of Maison a la plage","description":"Hotel Apartments in Sifnos island","publisher":{"@id":"https:\/\/sifnosmaisonsalaplage.gr\/fr\/#organization"},"potentialAction":[{"@type":"SearchAction","target":{"@type":"EntryPoint","urlTemplate":"https:\/\/sifnosmaisonsalaplage.gr\/fr\/?s={search_term_string}"},"query-input":{"@type":"PropertyValueSpecification","valueRequired":true,"valueName":"search_term_string"}}],"inLanguage":"fr-FR"},{"@type":"Organization","@id":"https:\/\/sifnosmaisonsalaplage.gr\/fr\/#organization","name":"Maison Ala plage Sifnos","url":"https:\/\/sifnosmaisonsalaplage.gr\/fr\/","logo":{"@type":"ImageObject","inLanguage":"fr-FR","@id":"https:\/\/sifnosmaisonsalaplage.gr\/fr\/#\/schema\/logo\/image\/","url":"https:\/\/sifnosmaisonsalaplage.gr\/wp-content\/uploads\/2021\/12\/120.png","contentUrl":"https:\/\/sifnosmaisonsalaplage.gr\/wp-content\/uploads\/2021\/12\/120.png","width":120,"height":120,"caption":"Maison Ala plage Sifnos"},"image":{"@id":"https:\/\/sifnosmaisonsalaplage.gr\/fr\/#\/schema\/logo\/image\/"},"sameAs":["https:\/\/www.facebook.com\/SifnosHotels\/","https:\/\/www.instagram.com\/accounts\/login\/"]}]}},"_links":{"self":[{"href":"https:\/\/sifnosmaisonsalaplage.gr\/fr\/wp-json\/wp\/v2\/pages\/3904","targetHints":{"allow":["GET"]}}],"collection":[{"href":"https:\/\/sifnosmaisonsalaplage.gr\/fr\/wp-json\/wp\/v2\/pages"}],"about":[{"href":"https:\/\/sifnosmaisonsalaplage.gr\/fr\/wp-json\/wp\/v2\/types\/page"}],"author":[{"embeddable":true,"href":"https:\/\/sifnosmaisonsalaplage.gr\/fr\/wp-json\/wp\/v2\/users\/1"}],"replies":[{"embeddable":true,"href":"https:\/\/sifnosmaisonsalaplage.gr\/fr\/wp-json\/wp\/v2\/comments?post=3904"}],"version-history":[{"count":0,"href":"https:\/\/sifnosmaisonsalaplage.gr\/fr\/wp-json\/wp\/v2\/pages\/3904\/revisions"}],"wp:attachment":[{"href":"https:\/\/sifnosmaisonsalaplage.gr\/fr\/wp-json\/wp\/v2\/media?parent=3904"}],"curies":[{"name":"wp","href":"https:\/\/api.w.org\/{rel}","templated":true}]}}