{"id":3860,"date":"2023-02-02T12:36:54","date_gmt":"2023-02-02T12:36:54","guid":{"rendered":"https:\/\/sifnosmaisonsalaplage.gr\/standort\/"},"modified":"2023-02-02T12:37:48","modified_gmt":"2023-02-02T12:37:48","slug":"standort","status":"publish","type":"page","link":"https:\/\/sifnosmaisonsalaplage.gr\/de\/standort\/","title":{"rendered":"STANDORT"},"content":{"rendered":"<div class=\"wpb-content-wrapper\"><p>[vc_row full_width=&#8221;stretch_row_content_no_spaces&#8221;][vc_column][vc_gmaps link=&#8221;#E-8_JTNDaWZyYW1lJTIwc3JjJTNEJTIyaHR0cHMlM0ElMkYlMkZ3d3cuZ29vZ2xlLmNvbSUyRm1hcHMlMkZlbWJlZCUzRnBiJTNEJTIxMW0yNiUyMTFtMTIlMjExbTMlMjExZDYzNzcuNjc1MTA0Njk3OTkyJTIxMmQyNC43NTM2NTcwODY1OTU5MDglMjEzZDM2Ljk0MjA0ODk1MjYwMTA5JTIxMm0zJTIxMWYwJTIxMmYwJTIxM2YwJTIxM20yJTIxMWkxMDI0JTIxMmk3NjglMjE0ZjEzLjElMjE0bTExJTIxM2UwJTIxNG0zJTIxM20yJTIxMWQzNi45NDY4MzI1JTIxMmQyNC43NTU1OTExJTIxNG01JTIxMXMweDE0OThmM2VjNzM1Mjg2ZjMlMjUzQTB4MmVkYzhlYjIxMzM1OTgyNSUyMTJ6VFdGcGMyOXVjeUJoSUd4aElIQnNZV2RsTENET3BzNnh6NFBPdjg2N3pyX1BqYy1DTENET3BzNnN6NEhPdjgtQ0lEZzBNQ0F3TXclMjEzbTIlMjExZDM2Ljk0Mjc0OTElMjEyZDI0Ljc1Mzk3NzklMjE1ZTAlMjEzbTIlMjExc2VsJTIxMnNnciUyMTR2MTYzOTY4NjIyMDE5MCUyMTVtMiUyMTFzZWwlMjEyc2dyJTIyJTIwd2lkdGglM0QlMjI2MDAlMjIlMjBoZWlnaHQlM0QlMjI0NTAlMjIlMjBzdHlsZSUzRCUyMmJvcmRlciUzQTAlM0IlMjIlMjBhbGxvd2Z1bGxzY3JlZW4lM0QlMjIlMjIlMjBsb2FkaW5nJTNEJTIybGF6eSUyMiUzRSUzQyUyRmlmcmFtZSUzRQ==&#8221;][\/vc_column][\/vc_row][vc_row][vc_column][vc_empty_space]\t\t\t<div\r\n\t\t\t\tclass=\"main_title  text-center  \">\r\n\t\t\t\t<h2 class=\"title\">Lage der Maisons \u00e0 la plage<\/h2>\r\n\t\t\t\t\t\t\t\t\t<p class=\"main_description\">fasolou Faros Sifnos<\/p>\r\n\t\t\t\t\t\t\t<\/div>\r\n\t\t[vc_empty_space][\/vc_column][\/vc_row][vc_row][vc_column width=&#8221;1\/2&#8243;][vc_column_text]Die Anlage liegt am Strand von Fasolou, nur 100 m vom Meer entfernt. Dieser Apartmentkomplex ist eine malerische Note zum Gebiet Faros, im S\u00fcden von Sifnos.<\/p>\n<p>In wenigen Minuten k\u00f6nnen Sie einen Spaziergang von Ihrer Wohnung zum Hauptstrand von Faros und zum fabelhaften Strand von Glyfo haben. Sie k\u00f6nnen schwimmen und entspannende Momente in den kleinen Dorfschenken verbringen, traditionelle \u00e4g\u00e4ische Gerichte und frischen Fisch genie\u00dfen.<\/p>\n<p>Sehen Sie auf der Karte die Lage des Komplexes.[\/vc_column_text][\/vc_column][vc_column width=&#8221;1\/2&#8243;][vc_raw_html]JTVCZW52aXJhLWdhbGxlcnklMjBpZCUzRCUyMjIzODUlMjIlNUQ=[\/vc_raw_html][\/vc_column][\/vc_row]<\/p>\n<\/div>","protected":false},"excerpt":{"rendered":"<p>[vc_row full_width=&#8221;stretch_row_content_no_spaces&#8221;][vc_column][vc_gmaps link=&#8221;#E-8_JTNDaWZyYW1lJTIwc3JjJTNEJTIyaHR0cHMlM0ElMkYlMkZ3d3cuZ29vZ2xlLmNvbSUyRm1hcHMlMkZlbWJlZCUzRnBiJTNEJTIxMW0yNiUyMTFtMTIlMjExbTMlMjExZDYzNzcuNjc1MTA0Njk3OTkyJTIxMmQyNC43NTM2NTcwODY1OTU5MDglMjEzZDM2Ljk0MjA0ODk1MjYwMTA5JTIxMm0zJTIxMWYwJTIxMmYwJTIxM2YwJTIxM20yJTIxMWkxMDI0JTIxMmk3NjglMjE0ZjEzLjElMjE0bTExJTIxM2UwJTIxNG0zJTIxM20yJTIxMWQzNi45NDY4MzI1JTIxMmQyNC43NTU1OTExJTIxNG01JTIxMXMweDE0OThmM2VjNzM1Mjg2ZjMlMjUzQTB4MmVkYzhlYjIxMzM1OTgyNSUyMTJ6VFdGcGMyOXVjeUJoSUd4aElIQnNZV2RsTENET3BzNnh6NFBPdjg2N3pyX1BqYy1DTENET3BzNnN6NEhPdjgtQ0lEZzBNQ0F3TXclMjEzbTIlMjExZDM2Ljk0Mjc0OTElMjEyZDI0Ljc1Mzk3NzklMjE1ZTAlMjEzbTIlMjExc2VsJTIxMnNnciUyMTR2MTYzOTY4NjIyMDE5MCUyMTVtMiUyMTFzZWwlMjEyc2dyJTIyJTIwd2lkdGglM0QlMjI2MDAlMjIlMjBoZWlnaHQlM0QlMjI0NTAlMjIlMjBzdHlsZSUzRCUyMmJvcmRlciUzQTAlM0IlMjIlMjBhbGxvd2Z1bGxzY3JlZW4lM0QlMjIlMjIlMjBsb2FkaW5nJTNEJTIybGF6eSUyMiUzRSUzQyUyRmlmcmFtZSUzRQ==&#8221;][\/vc_column][\/vc_row][vc_row][vc_column][vc_empty_space][vc_empty_space][\/vc_column][\/vc_row][vc_row][vc_column width=&#8221;1\/2&#8243;][vc_column_text]Die Anlage liegt am Strand von Fasolou, nur 100 m vom Meer entfernt. Dieser Apartmentkomplex ist eine malerische Note zum Gebiet Faros, im S\u00fcden von Sifnos. In wenigen Minuten k\u00f6nnen Sie einen Spaziergang von Ihrer Wohnung zum Hauptstrand von Faros und zum fabelhaften Strand von Glyfo haben. Sie k\u00f6nnen schwimmen und entspannende [&hellip;]<\/p>\n","protected":false},"author":1,"featured_media":0,"parent":0,"menu_order":0,"comment_status":"closed","ping_status":"closed","template":"","meta":{"rs_blank_template":"","rs_page_bg_color":"","slide_template_v7":"","footnotes":""},"class_list":["post-3860","page","type-page","status-publish","hentry"],"yoast_head":"<!-- This site is optimized with the Yoast SEO plugin v27.4 - https:\/\/yoast.com\/product\/yoast-seo-wordpress\/ -->\n<title>STANDORT - Official Web Site Of Maison a la plage<\/title>\n<meta name=\"robots\" content=\"index, follow, max-snippet:-1, max-image-preview:large, max-video-preview:-1\" \/>\n<link rel=\"canonical\" href=\"https:\/\/sifnosmaisonsalaplage.gr\/de\/standort\/\" \/>\n<meta property=\"og:locale\" content=\"de_DE\" \/>\n<meta property=\"og:type\" content=\"article\" \/>\n<meta property=\"og:title\" content=\"STANDORT - Official Web Site Of Maison a la plage\" \/>\n<meta property=\"og:description\" content=\"[vc_row full_width=&#8221;stretch_row_content_no_spaces&#8221;][vc_column][vc_gmaps link=&#8221;#E-8_JTNDaWZyYW1lJTIwc3JjJTNEJTIyaHR0cHMlM0ElMkYlMkZ3d3cuZ29vZ2xlLmNvbSUyRm1hcHMlMkZlbWJlZCUzRnBiJTNEJTIxMW0yNiUyMTFtMTIlMjExbTMlMjExZDYzNzcuNjc1MTA0Njk3OTkyJTIxMmQyNC43NTM2NTcwODY1OTU5MDglMjEzZDM2Ljk0MjA0ODk1MjYwMTA5JTIxMm0zJTIxMWYwJTIxMmYwJTIxM2YwJTIxM20yJTIxMWkxMDI0JTIxMmk3NjglMjE0ZjEzLjElMjE0bTExJTIxM2UwJTIxNG0zJTIxM20yJTIxMWQzNi45NDY4MzI1JTIxMmQyNC43NTU1OTExJTIxNG01JTIxMXMweDE0OThmM2VjNzM1Mjg2ZjMlMjUzQTB4MmVkYzhlYjIxMzM1OTgyNSUyMTJ6VFdGcGMyOXVjeUJoSUd4aElIQnNZV2RsTENET3BzNnh6NFBPdjg2N3pyX1BqYy1DTENET3BzNnN6NEhPdjgtQ0lEZzBNQ0F3TXclMjEzbTIlMjExZDM2Ljk0Mjc0OTElMjEyZDI0Ljc1Mzk3NzklMjE1ZTAlMjEzbTIlMjExc2VsJTIxMnNnciUyMTR2MTYzOTY4NjIyMDE5MCUyMTVtMiUyMTFzZWwlMjEyc2dyJTIyJTIwd2lkdGglM0QlMjI2MDAlMjIlMjBoZWlnaHQlM0QlMjI0NTAlMjIlMjBzdHlsZSUzRCUyMmJvcmRlciUzQTAlM0IlMjIlMjBhbGxvd2Z1bGxzY3JlZW4lM0QlMjIlMjIlMjBsb2FkaW5nJTNEJTIybGF6eSUyMiUzRSUzQyUyRmlmcmFtZSUzRQ==&#8221;][\/vc_column][\/vc_row][vc_row][vc_column][vc_empty_space][vc_empty_space][\/vc_column][\/vc_row][vc_row][vc_column width=&#8221;1\/2&#8243;][vc_column_text]Die Anlage liegt am Strand von Fasolou, nur 100 m vom Meer entfernt. Dieser Apartmentkomplex ist eine malerische Note zum Gebiet Faros, im S\u00fcden von Sifnos. In wenigen Minuten k\u00f6nnen Sie einen Spaziergang von Ihrer Wohnung zum Hauptstrand von Faros und zum fabelhaften Strand von Glyfo haben. Sie k\u00f6nnen schwimmen und entspannende [&hellip;]\" \/>\n<meta property=\"og:url\" content=\"https:\/\/sifnosmaisonsalaplage.gr\/de\/standort\/\" \/>\n<meta property=\"og:site_name\" content=\"Official Web Site Of Maison a la plage\" \/>\n<meta property=\"article:publisher\" content=\"https:\/\/www.facebook.com\/SifnosHotels\/\" \/>\n<meta property=\"article:modified_time\" content=\"2023-02-02T12:37:48+00:00\" \/>\n<meta property=\"og:image\" content=\"https:\/\/sifnosmaisonsalaplage.gr\/wp-content\/uploads\/2022\/01\/DJI_0898.jpg\" \/>\n\t<meta property=\"og:image:width\" content=\"2000\" \/>\n\t<meta property=\"og:image:height\" content=\"1124\" \/>\n\t<meta property=\"og:image:type\" content=\"image\/jpeg\" \/>\n<meta name=\"twitter:card\" content=\"summary_large_image\" \/>\n<meta name=\"twitter:label1\" content=\"Gesch\u00e4tzte Lesezeit\" \/>\n\t<meta name=\"twitter:data1\" content=\"1\u00a0Minute\" \/>\n<script type=\"application\/ld+json\" class=\"yoast-schema-graph\">{\"@context\":\"https:\\\/\\\/schema.org\",\"@graph\":[{\"@type\":\"WebPage\",\"@id\":\"https:\\\/\\\/sifnosmaisonsalaplage.gr\\\/de\\\/standort\\\/\",\"url\":\"https:\\\/\\\/sifnosmaisonsalaplage.gr\\\/de\\\/standort\\\/\",\"name\":\"STANDORT - Official Web Site Of Maison a la plage\",\"isPartOf\":{\"@id\":\"https:\\\/\\\/sifnosmaisonsalaplage.gr\\\/de\\\/#website\"},\"datePublished\":\"2023-02-02T12:36:54+00:00\",\"dateModified\":\"2023-02-02T12:37:48+00:00\",\"breadcrumb\":{\"@id\":\"https:\\\/\\\/sifnosmaisonsalaplage.gr\\\/de\\\/standort\\\/#breadcrumb\"},\"inLanguage\":\"de\",\"potentialAction\":[{\"@type\":\"ReadAction\",\"target\":[\"https:\\\/\\\/sifnosmaisonsalaplage.gr\\\/de\\\/standort\\\/\"]}]},{\"@type\":\"BreadcrumbList\",\"@id\":\"https:\\\/\\\/sifnosmaisonsalaplage.gr\\\/de\\\/standort\\\/#breadcrumb\",\"itemListElement\":[{\"@type\":\"ListItem\",\"position\":1,\"name\":\"Home\",\"item\":\"https:\\\/\\\/sifnosmaisonsalaplage.gr\\\/de\\\/\"},{\"@type\":\"ListItem\",\"position\":2,\"name\":\"STANDORT\"}]},{\"@type\":\"WebSite\",\"@id\":\"https:\\\/\\\/sifnosmaisonsalaplage.gr\\\/de\\\/#website\",\"url\":\"https:\\\/\\\/sifnosmaisonsalaplage.gr\\\/de\\\/\",\"name\":\"Official Web Site Of Maison a la plage\",\"description\":\"Hotel Apartments in Sifnos island\",\"publisher\":{\"@id\":\"https:\\\/\\\/sifnosmaisonsalaplage.gr\\\/de\\\/#organization\"},\"potentialAction\":[{\"@type\":\"SearchAction\",\"target\":{\"@type\":\"EntryPoint\",\"urlTemplate\":\"https:\\\/\\\/sifnosmaisonsalaplage.gr\\\/de\\\/?s={search_term_string}\"},\"query-input\":{\"@type\":\"PropertyValueSpecification\",\"valueRequired\":true,\"valueName\":\"search_term_string\"}}],\"inLanguage\":\"de\"},{\"@type\":\"Organization\",\"@id\":\"https:\\\/\\\/sifnosmaisonsalaplage.gr\\\/de\\\/#organization\",\"name\":\"Maison Ala plage Sifnos\",\"url\":\"https:\\\/\\\/sifnosmaisonsalaplage.gr\\\/de\\\/\",\"logo\":{\"@type\":\"ImageObject\",\"inLanguage\":\"de\",\"@id\":\"https:\\\/\\\/sifnosmaisonsalaplage.gr\\\/de\\\/#\\\/schema\\\/logo\\\/image\\\/\",\"url\":\"https:\\\/\\\/sifnosmaisonsalaplage.gr\\\/wp-content\\\/uploads\\\/2021\\\/12\\\/120.png\",\"contentUrl\":\"https:\\\/\\\/sifnosmaisonsalaplage.gr\\\/wp-content\\\/uploads\\\/2021\\\/12\\\/120.png\",\"width\":120,\"height\":120,\"caption\":\"Maison Ala plage Sifnos\"},\"image\":{\"@id\":\"https:\\\/\\\/sifnosmaisonsalaplage.gr\\\/de\\\/#\\\/schema\\\/logo\\\/image\\\/\"},\"sameAs\":[\"https:\\\/\\\/www.facebook.com\\\/SifnosHotels\\\/\",\"https:\\\/\\\/www.instagram.com\\\/accounts\\\/login\\\/\"]}]}<\/script>\n<!-- \/ Yoast SEO plugin. -->","yoast_head_json":{"title":"STANDORT - Official Web Site Of Maison a la plage","robots":{"index":"index","follow":"follow","max-snippet":"max-snippet:-1","max-image-preview":"max-image-preview:large","max-video-preview":"max-video-preview:-1"},"canonical":"https:\/\/sifnosmaisonsalaplage.gr\/de\/standort\/","og_locale":"de_DE","og_type":"article","og_title":"STANDORT - Official Web Site Of Maison a la plage","og_description":"[vc_row full_width=&#8221;stretch_row_content_no_spaces&#8221;][vc_column][vc_gmaps link=&#8221;#E-8_JTNDaWZyYW1lJTIwc3JjJTNEJTIyaHR0cHMlM0ElMkYlMkZ3d3cuZ29vZ2xlLmNvbSUyRm1hcHMlMkZlbWJlZCUzRnBiJTNEJTIxMW0yNiUyMTFtMTIlMjExbTMlMjExZDYzNzcuNjc1MTA0Njk3OTkyJTIxMmQyNC43NTM2NTcwODY1OTU5MDglMjEzZDM2Ljk0MjA0ODk1MjYwMTA5JTIxMm0zJTIxMWYwJTIxMmYwJTIxM2YwJTIxM20yJTIxMWkxMDI0JTIxMmk3NjglMjE0ZjEzLjElMjE0bTExJTIxM2UwJTIxNG0zJTIxM20yJTIxMWQzNi45NDY4MzI1JTIxMmQyNC43NTU1OTExJTIxNG01JTIxMXMweDE0OThmM2VjNzM1Mjg2ZjMlMjUzQTB4MmVkYzhlYjIxMzM1OTgyNSUyMTJ6VFdGcGMyOXVjeUJoSUd4aElIQnNZV2RsTENET3BzNnh6NFBPdjg2N3pyX1BqYy1DTENET3BzNnN6NEhPdjgtQ0lEZzBNQ0F3TXclMjEzbTIlMjExZDM2Ljk0Mjc0OTElMjEyZDI0Ljc1Mzk3NzklMjE1ZTAlMjEzbTIlMjExc2VsJTIxMnNnciUyMTR2MTYzOTY4NjIyMDE5MCUyMTVtMiUyMTFzZWwlMjEyc2dyJTIyJTIwd2lkdGglM0QlMjI2MDAlMjIlMjBoZWlnaHQlM0QlMjI0NTAlMjIlMjBzdHlsZSUzRCUyMmJvcmRlciUzQTAlM0IlMjIlMjBhbGxvd2Z1bGxzY3JlZW4lM0QlMjIlMjIlMjBsb2FkaW5nJTNEJTIybGF6eSUyMiUzRSUzQyUyRmlmcmFtZSUzRQ==&#8221;][\/vc_column][\/vc_row][vc_row][vc_column][vc_empty_space][vc_empty_space][\/vc_column][\/vc_row][vc_row][vc_column width=&#8221;1\/2&#8243;][vc_column_text]Die Anlage liegt am Strand von Fasolou, nur 100 m vom Meer entfernt. Dieser Apartmentkomplex ist eine malerische Note zum Gebiet Faros, im S\u00fcden von Sifnos. In wenigen Minuten k\u00f6nnen Sie einen Spaziergang von Ihrer Wohnung zum Hauptstrand von Faros und zum fabelhaften Strand von Glyfo haben. Sie k\u00f6nnen schwimmen und entspannende [&hellip;]","og_url":"https:\/\/sifnosmaisonsalaplage.gr\/de\/standort\/","og_site_name":"Official Web Site Of Maison a la plage","article_publisher":"https:\/\/www.facebook.com\/SifnosHotels\/","article_modified_time":"2023-02-02T12:37:48+00:00","og_image":[{"width":2000,"height":1124,"url":"https:\/\/sifnosmaisonsalaplage.gr\/wp-content\/uploads\/2022\/01\/DJI_0898.jpg","type":"image\/jpeg"}],"twitter_card":"summary_large_image","twitter_misc":{"Gesch\u00e4tzte Lesezeit":"1\u00a0Minute"},"schema":{"@context":"https:\/\/schema.org","@graph":[{"@type":"WebPage","@id":"https:\/\/sifnosmaisonsalaplage.gr\/de\/standort\/","url":"https:\/\/sifnosmaisonsalaplage.gr\/de\/standort\/","name":"STANDORT - Official Web Site Of Maison a la plage","isPartOf":{"@id":"https:\/\/sifnosmaisonsalaplage.gr\/de\/#website"},"datePublished":"2023-02-02T12:36:54+00:00","dateModified":"2023-02-02T12:37:48+00:00","breadcrumb":{"@id":"https:\/\/sifnosmaisonsalaplage.gr\/de\/standort\/#breadcrumb"},"inLanguage":"de","potentialAction":[{"@type":"ReadAction","target":["https:\/\/sifnosmaisonsalaplage.gr\/de\/standort\/"]}]},{"@type":"BreadcrumbList","@id":"https:\/\/sifnosmaisonsalaplage.gr\/de\/standort\/#breadcrumb","itemListElement":[{"@type":"ListItem","position":1,"name":"Home","item":"https:\/\/sifnosmaisonsalaplage.gr\/de\/"},{"@type":"ListItem","position":2,"name":"STANDORT"}]},{"@type":"WebSite","@id":"https:\/\/sifnosmaisonsalaplage.gr\/de\/#website","url":"https:\/\/sifnosmaisonsalaplage.gr\/de\/","name":"Official Web Site Of Maison a la plage","description":"Hotel Apartments in Sifnos island","publisher":{"@id":"https:\/\/sifnosmaisonsalaplage.gr\/de\/#organization"},"potentialAction":[{"@type":"SearchAction","target":{"@type":"EntryPoint","urlTemplate":"https:\/\/sifnosmaisonsalaplage.gr\/de\/?s={search_term_string}"},"query-input":{"@type":"PropertyValueSpecification","valueRequired":true,"valueName":"search_term_string"}}],"inLanguage":"de"},{"@type":"Organization","@id":"https:\/\/sifnosmaisonsalaplage.gr\/de\/#organization","name":"Maison Ala plage Sifnos","url":"https:\/\/sifnosmaisonsalaplage.gr\/de\/","logo":{"@type":"ImageObject","inLanguage":"de","@id":"https:\/\/sifnosmaisonsalaplage.gr\/de\/#\/schema\/logo\/image\/","url":"https:\/\/sifnosmaisonsalaplage.gr\/wp-content\/uploads\/2021\/12\/120.png","contentUrl":"https:\/\/sifnosmaisonsalaplage.gr\/wp-content\/uploads\/2021\/12\/120.png","width":120,"height":120,"caption":"Maison Ala plage Sifnos"},"image":{"@id":"https:\/\/sifnosmaisonsalaplage.gr\/de\/#\/schema\/logo\/image\/"},"sameAs":["https:\/\/www.facebook.com\/SifnosHotels\/","https:\/\/www.instagram.com\/accounts\/login\/"]}]}},"_links":{"self":[{"href":"https:\/\/sifnosmaisonsalaplage.gr\/de\/wp-json\/wp\/v2\/pages\/3860","targetHints":{"allow":["GET"]}}],"collection":[{"href":"https:\/\/sifnosmaisonsalaplage.gr\/de\/wp-json\/wp\/v2\/pages"}],"about":[{"href":"https:\/\/sifnosmaisonsalaplage.gr\/de\/wp-json\/wp\/v2\/types\/page"}],"author":[{"embeddable":true,"href":"https:\/\/sifnosmaisonsalaplage.gr\/de\/wp-json\/wp\/v2\/users\/1"}],"replies":[{"embeddable":true,"href":"https:\/\/sifnosmaisonsalaplage.gr\/de\/wp-json\/wp\/v2\/comments?post=3860"}],"version-history":[{"count":0,"href":"https:\/\/sifnosmaisonsalaplage.gr\/de\/wp-json\/wp\/v2\/pages\/3860\/revisions"}],"wp:attachment":[{"href":"https:\/\/sifnosmaisonsalaplage.gr\/de\/wp-json\/wp\/v2\/media?parent=3860"}],"curies":[{"name":"wp","href":"https:\/\/api.w.org\/{rel}","templated":true}]}}